{"id":9104,"date":"2026-02-10T13:22:20","date_gmt":"2026-02-10T10:22:20","guid":{"rendered":"https:\/\/moi-dom.md\/product\/vaza-chakra\/"},"modified":"2026-02-10T14:27:47","modified_gmt":"2026-02-10T11:27:47","slug":"vaza-chakra","status":"publish","type":"product","link":"https:\/\/moi-dom.md\/ro\/produs\/vaza-chakra\/","title":{"rendered":"Vaza Chakra"},"content":{"rendered":"<p>Vaza ceramic\u0103 cu o form\u0103 expresiv\u0103 devine un accent elegant \u00een interiorul livingului, buc\u0103t\u0103riei sau dormitorului. Poate fi folosit\u0103 cu flori sau ca element decorativ de sine st\u0103t\u0103tor. Se potrive\u0219te armonios at\u00e2t cu interioare moderne, c\u00e2t \u0219i clasice.  <\/p>\n","protected":false},"excerpt":{"rendered":"<p>Vaz\u0103 ceramic\u0103 decorativ\u0103 pentru interior. Potrivit\u0103 pentru flori sau ca accent decorativ independent. <\/p>\n","protected":false},"featured_media":9085,"template":"","meta":[],"product_brand":[],"product_cat":[237,675],"product_tag":[],"class_list":{"0":"post-9104","1":"product","2":"type-product","3":"status-publish","4":"has-post-thumbnail","6":"product_cat-dekor-dlya-doma","7":"product_cat-vazy","8":"pa_brand-edg-enzo-de-gasperi","9":"pa_color-red","10":"pa_material-594","11":"pa_shape-612","12":"pa_size-o265x34-","14":"first","15":"instock","16":"shipping-taxable","17":"purchasable","18":"product-type-simple"},"_links":{"self":[{"href":"https:\/\/moi-dom.md\/ro\/wp-json\/wp\/v2\/product\/9104","targetHints":{"allow":["GET"]}}],"collection":[{"href":"https:\/\/moi-dom.md\/ro\/wp-json\/wp\/v2\/product"}],"about":[{"href":"https:\/\/moi-dom.md\/ro\/wp-json\/wp\/v2\/types\/product"}],"version-history":[{"count":1,"href":"https:\/\/moi-dom.md\/ro\/wp-json\/wp\/v2\/product\/9104\/revisions"}],"predecessor-version":[{"id":9159,"href":"https:\/\/moi-dom.md\/ro\/wp-json\/wp\/v2\/product\/9104\/revisions\/9159"}],"wp:featuredmedia":[{"embeddable":true,"href":"https:\/\/moi-dom.md\/ro\/wp-json\/wp\/v2\/media\/9085"}],"wp:attachment":[{"href":"https:\/\/moi-dom.md\/ro\/wp-json\/wp\/v2\/media?parent=9104"}],"wp:term":[{"taxonomy":"product_brand","embeddable":true,"href":"https:\/\/moi-dom.md\/ro\/wp-json\/wp\/v2\/product_brand?post=9104"},{"taxonomy":"product_cat","embeddable":true,"href":"https:\/\/moi-dom.md\/ro\/wp-json\/wp\/v2\/product_cat?post=9104"},{"taxonomy":"product_tag","embeddable":true,"href":"https:\/\/moi-dom.md\/ro\/wp-json\/wp\/v2\/product_tag?post=9104"}],"curies":[{"name":"wp","href":"https:\/\/api.w.org\/{rel}","templated":true}]}}