{"id":8099,"date":"2025-11-29T22:10:40","date_gmt":"2025-11-29T22:10:40","guid":{"rendered":"https:\/\/moi-dom.md\/product\/farfurie-adanca\/"},"modified":"2026-02-16T17:58:43","modified_gmt":"2026-02-16T14:58:43","slug":"farfurie-adanca","status":"publish","type":"product","link":"https:\/\/moi-dom.md\/ro\/produs\/farfurie-adanca\/","title":{"rendered":"Farfurie ad\u00e2nc\u0103 22 cm Magia Di Natale"},"content":{"rendered":"<p class=\"p1\">Farfuria ad\u00e2nc\u0103 22 cm Magia Di Natale este realizat\u0103 din New Bone China \u0219i este potrivit\u0103 pentru servirea supelor, pastelor \u0219i preparatelor calde. Suprafa\u021ba alb\u0103 cu model \u00een relief face ca farfuria s\u0103 fie universal\u0103 pentru servirea zilnic\u0103 \u0219i festiv\u0103. Se combin\u0103 u\u0219or cu farfuriile de mas\u0103 \u0219i de desert din colec\u021bie. Potrivit\u0103 pentru utilizare zilnic\u0103.   <\/p>\n","protected":false},"excerpt":{"rendered":"<p class=\"p1\">Farfurie alb\u0103 ad\u00e2nc\u0103, 22 cm, din por\u021belan New Bone China, cu decor \u00een relief. Potrivit\u0103 pentru servirea supelor \u0219i a preparatelor calde. <\/p>\n","protected":false},"featured_media":7322,"template":"","meta":[],"product_brand":[],"product_cat":[248,868],"product_tag":[],"class_list":{"0":"post-8099","1":"product","2":"type-product","3":"status-publish","4":"has-post-thumbnail","6":"product_cat-vesela","7":"product_cat-vesela-pentru-masa","8":"pa_brand-andrea-fontebasso","9":"pa_color-white","10":"pa_material-portelan-new-bone-china","11":"pa_size-o22-cm","12":"pa_uhod-potrivit-pentru-utilizare-in-microunde","13":"pa_uhod-se-poate-spala-in-masina-de-spalat-vase","15":"first","16":"instock","17":"shipping-taxable","18":"purchasable","19":"product-type-simple"},"_links":{"self":[{"href":"https:\/\/moi-dom.md\/ro\/wp-json\/wp\/v2\/product\/8099","targetHints":{"allow":["GET"]}}],"collection":[{"href":"https:\/\/moi-dom.md\/ro\/wp-json\/wp\/v2\/product"}],"about":[{"href":"https:\/\/moi-dom.md\/ro\/wp-json\/wp\/v2\/types\/product"}],"version-history":[{"count":1,"href":"https:\/\/moi-dom.md\/ro\/wp-json\/wp\/v2\/product\/8099\/revisions"}],"predecessor-version":[{"id":10097,"href":"https:\/\/moi-dom.md\/ro\/wp-json\/wp\/v2\/product\/8099\/revisions\/10097"}],"wp:featuredmedia":[{"embeddable":true,"href":"https:\/\/moi-dom.md\/ro\/wp-json\/wp\/v2\/media\/7322"}],"wp:attachment":[{"href":"https:\/\/moi-dom.md\/ro\/wp-json\/wp\/v2\/media?parent=8099"}],"wp:term":[{"taxonomy":"product_brand","embeddable":true,"href":"https:\/\/moi-dom.md\/ro\/wp-json\/wp\/v2\/product_brand?post=8099"},{"taxonomy":"product_cat","embeddable":true,"href":"https:\/\/moi-dom.md\/ro\/wp-json\/wp\/v2\/product_cat?post=8099"},{"taxonomy":"product_tag","embeddable":true,"href":"https:\/\/moi-dom.md\/ro\/wp-json\/wp\/v2\/product_tag?post=8099"}],"curies":[{"name":"wp","href":"https:\/\/api.w.org\/{rel}","templated":true}]}}