{"id":8097,"date":"2025-11-29T22:10:40","date_gmt":"2025-11-29T22:10:40","guid":{"rendered":"https:\/\/moi-dom.md\/product\/farfurie-2\/"},"modified":"2026-02-16T17:50:02","modified_gmt":"2026-02-16T14:50:02","slug":"farfurie-2","status":"publish","type":"product","link":"https:\/\/moi-dom.md\/ro\/produs\/farfurie-2\/","title":{"rendered":"Farfurie plat\u0103 25 cm Magia Di Natale"},"content":{"rendered":"<p class=\"p1\">Farfuria de mas\u0103 Magia Di Natale, cu diametrul de 25 cm, este realizat\u0103 din por\u021belan New Bone China \u0219i este potrivit\u0103 pentru servirea felurilor principale. Suprafa\u021ba alb\u0103 cu model \u00een relief face ca farfuria s\u0103 fie universal\u0103, potrivit\u0103 at\u00e2t pentru servirea zilnic\u0103, c\u00e2t \u0219i pentru ocazii speciale. Se asorteaz\u0103 u\u0219or cu farfuriile de desert \u0219i de sup\u0103 din colec\u021bie. Potrivit\u0103 pentru utilizare zilnic\u0103.   <\/p>\n","protected":false},"excerpt":{"rendered":"<p class=\"p1\">Farfurie alb\u0103 de 25 cm din New Bone China cu decor \u00een relief. Potrivit\u0103 pentru servirea felurilor principale. <\/p>\n","protected":false},"featured_media":7321,"template":"","meta":[],"product_brand":[],"product_cat":[239,867],"product_tag":[],"class_list":{"0":"post-8097","1":"product","2":"type-product","3":"status-publish","4":"has-post-thumbnail","6":"product_cat-posyda","7":"product_cat-stolovaya-posuda","8":"pa_brand-andrea-fontebasso","9":"pa_color-white","10":"pa_material-farfor-new-bone-china","11":"pa_size-o25-","12":"pa_uhod-869","13":"pa_uhod-posudomoechnaya-mashina","15":"first","16":"instock","17":"shipping-taxable","18":"purchasable","19":"product-type-simple"},"_links":{"self":[{"href":"https:\/\/moi-dom.md\/ro\/wp-json\/wp\/v2\/product\/8097","targetHints":{"allow":["GET"]}}],"collection":[{"href":"https:\/\/moi-dom.md\/ro\/wp-json\/wp\/v2\/product"}],"about":[{"href":"https:\/\/moi-dom.md\/ro\/wp-json\/wp\/v2\/types\/product"}],"version-history":[{"count":1,"href":"https:\/\/moi-dom.md\/ro\/wp-json\/wp\/v2\/product\/8097\/revisions"}],"predecessor-version":[{"id":10094,"href":"https:\/\/moi-dom.md\/ro\/wp-json\/wp\/v2\/product\/8097\/revisions\/10094"}],"wp:featuredmedia":[{"embeddable":true,"href":"https:\/\/moi-dom.md\/ro\/wp-json\/wp\/v2\/media\/7321"}],"wp:attachment":[{"href":"https:\/\/moi-dom.md\/ro\/wp-json\/wp\/v2\/media?parent=8097"}],"wp:term":[{"taxonomy":"product_brand","embeddable":true,"href":"https:\/\/moi-dom.md\/ro\/wp-json\/wp\/v2\/product_brand?post=8097"},{"taxonomy":"product_cat","embeddable":true,"href":"https:\/\/moi-dom.md\/ro\/wp-json\/wp\/v2\/product_cat?post=8097"},{"taxonomy":"product_tag","embeddable":true,"href":"https:\/\/moi-dom.md\/ro\/wp-json\/wp\/v2\/product_tag?post=8097"}],"curies":[{"name":"wp","href":"https:\/\/api.w.org\/{rel}","templated":true}]}}