{"id":8093,"date":"2025-11-29T22:11:14","date_gmt":"2025-11-29T22:11:14","guid":{"rendered":"https:\/\/moi-dom.md\/product\/un-set-de-pahare-de-sampanie\/"},"modified":"2026-02-16T20:17:58","modified_gmt":"2026-02-16T17:17:58","slug":"un-set-de-pahare-de-sampanie","status":"publish","type":"product","link":"https:\/\/moi-dom.md\/ro\/produs\/un-set-de-pahare-de-sampanie\/","title":{"rendered":"Set de pahare pentru \u0219ampanie Margot"},"content":{"rendered":"<p class=\"p1\">Setul include 6 pahare de \u0219ampanie cu picior. Forma \u00eengust\u0103 \u0219i \u00eenalt\u0103 ajut\u0103 la p\u0103strarea bulelor \u0219i la dezv\u0103luirea aromelor vinurilor spumante. Sticla transparent\u0103 cu margine aurie subliniaz\u0103 elegan\u021ba servirii. Potrivite pentru \u0219ampanie \u0219i alte b\u0103uturi spumante.   <\/p>\n","protected":false},"excerpt":{"rendered":"<p class=\"p1\">Set de 6 pahare de \u0219ampanie, sticl\u0103 transparent\u0103 cu margine aurie.<\/p>\n","protected":false},"featured_media":7328,"template":"","meta":[],"product_brand":[],"product_cat":[890,248],"product_tag":[],"class_list":{"0":"post-8093","1":"product","2":"type-product","3":"status-publish","4":"has-post-thumbnail","6":"product_cat-bar-si-sticla","7":"product_cat-vesela","8":"pa_brand-andrea-fontebasso","9":"pa_color-gold","10":"pa_color-transparent","11":"pa_material-sticla","12":"pa_uhod-se-poate-spala-in-masina-de-spalat-vase","14":"first","15":"instock","16":"shipping-taxable","17":"purchasable","18":"product-type-simple"},"_links":{"self":[{"href":"https:\/\/moi-dom.md\/ro\/wp-json\/wp\/v2\/product\/8093","targetHints":{"allow":["GET"]}}],"collection":[{"href":"https:\/\/moi-dom.md\/ro\/wp-json\/wp\/v2\/product"}],"about":[{"href":"https:\/\/moi-dom.md\/ro\/wp-json\/wp\/v2\/types\/product"}],"version-history":[{"count":1,"href":"https:\/\/moi-dom.md\/ro\/wp-json\/wp\/v2\/product\/8093\/revisions"}],"predecessor-version":[{"id":10137,"href":"https:\/\/moi-dom.md\/ro\/wp-json\/wp\/v2\/product\/8093\/revisions\/10137"}],"wp:featuredmedia":[{"embeddable":true,"href":"https:\/\/moi-dom.md\/ro\/wp-json\/wp\/v2\/media\/7328"}],"wp:attachment":[{"href":"https:\/\/moi-dom.md\/ro\/wp-json\/wp\/v2\/media?parent=8093"}],"wp:term":[{"taxonomy":"product_brand","embeddable":true,"href":"https:\/\/moi-dom.md\/ro\/wp-json\/wp\/v2\/product_brand?post=8093"},{"taxonomy":"product_cat","embeddable":true,"href":"https:\/\/moi-dom.md\/ro\/wp-json\/wp\/v2\/product_cat?post=8093"},{"taxonomy":"product_tag","embeddable":true,"href":"https:\/\/moi-dom.md\/ro\/wp-json\/wp\/v2\/product_tag?post=8093"}],"curies":[{"name":"wp","href":"https:\/\/api.w.org\/{rel}","templated":true}]}}