{"id":8069,"date":"2025-11-29T22:10:39","date_gmt":"2025-11-29T22:10:39","guid":{"rendered":"https:\/\/moi-dom.md\/product\/vas-ceramic\/"},"modified":"2026-02-16T20:58:45","modified_gmt":"2026-02-16T17:58:45","slug":"vas-ceramic","status":"publish","type":"product","link":"https:\/\/moi-dom.md\/ro\/produs\/vas-ceramic\/","title":{"rendered":"Farfurie oval\u0103 Magia Di Natale"},"content":{"rendered":"<p class=\"p1\">Farfuria oval\u0103 Magia Di Natale cu diametrul de 31 cm este realizat\u0103 din materialul New Bone China. Este potrivit\u0103 pentru servirea preparatelor calde, a aperitivelor \u0219i pentru decorarea mesei festive. Decorul \u00een relief de pe margine confer\u0103 un caracter clasic \u0219i face servirea elegant\u0103 \u0219i expresiv\u0103. Forma universal\u0103 este convenabil\u0103 pentru utilizarea zilnic\u0103 \u0219i festiv\u0103.   <\/p>\n","protected":false},"excerpt":{"rendered":"<p class=\"p1\">Farfurie oval\u0103 de servit 31 cm din New Bone China.<\/p>\n","protected":false},"featured_media":7311,"template":"","meta":[],"product_brand":[],"product_cat":[239,867],"product_tag":[],"class_list":{"0":"post-8069","1":"product","2":"type-product","3":"status-publish","4":"has-post-thumbnail","6":"product_cat-posyda","7":"product_cat-stolovaya-posuda","8":"pa_brand-andrea-fontebasso","9":"pa_color-white","10":"pa_material-farfor-new-bone-china","11":"pa_size--31-","12":"pa_uhod-potrivit-pentru-utilizare-in-microunde","13":"pa_uhod-se-poate-spala-in-masina-de-spalat-vase","15":"first","16":"instock","17":"shipping-taxable","18":"purchasable","19":"product-type-simple"},"_links":{"self":[{"href":"https:\/\/moi-dom.md\/ro\/wp-json\/wp\/v2\/product\/8069","targetHints":{"allow":["GET"]}}],"collection":[{"href":"https:\/\/moi-dom.md\/ro\/wp-json\/wp\/v2\/product"}],"about":[{"href":"https:\/\/moi-dom.md\/ro\/wp-json\/wp\/v2\/types\/product"}],"version-history":[{"count":1,"href":"https:\/\/moi-dom.md\/ro\/wp-json\/wp\/v2\/product\/8069\/revisions"}],"predecessor-version":[{"id":10150,"href":"https:\/\/moi-dom.md\/ro\/wp-json\/wp\/v2\/product\/8069\/revisions\/10150"}],"wp:featuredmedia":[{"embeddable":true,"href":"https:\/\/moi-dom.md\/ro\/wp-json\/wp\/v2\/media\/7311"}],"wp:attachment":[{"href":"https:\/\/moi-dom.md\/ro\/wp-json\/wp\/v2\/media?parent=8069"}],"wp:term":[{"taxonomy":"product_brand","embeddable":true,"href":"https:\/\/moi-dom.md\/ro\/wp-json\/wp\/v2\/product_brand?post=8069"},{"taxonomy":"product_cat","embeddable":true,"href":"https:\/\/moi-dom.md\/ro\/wp-json\/wp\/v2\/product_cat?post=8069"},{"taxonomy":"product_tag","embeddable":true,"href":"https:\/\/moi-dom.md\/ro\/wp-json\/wp\/v2\/product_tag?post=8069"}],"curies":[{"name":"wp","href":"https:\/\/api.w.org\/{rel}","templated":true}]}}