{"id":8068,"date":"2025-11-29T22:10:40","date_gmt":"2025-11-29T22:10:40","guid":{"rendered":"https:\/\/moi-dom.md\/product\/vasul-3\/"},"modified":"2026-02-16T20:51:20","modified_gmt":"2026-02-16T17:51:20","slug":"vasul-3","status":"publish","type":"product","link":"https:\/\/moi-dom.md\/ro\/produs\/vasul-3\/","title":{"rendered":"Fructier\u0103 pe picior Two-Tone"},"content":{"rendered":"<p class=\"p1\">Fructiera Two-Tone este realizat\u0103 din sticl\u0103 reliefat\u0103 \u00een dou\u0103 nuan\u021be \u2014 chihlimbar cald \u0219i portocaliu intens. Diametru 26 cm, \u00een\u0103l\u021bime 12 cm. Potrivit pentru servirea fructelor, deserturilor \u0219i dulciurilor. Textura nervurat\u0103 refract\u0103 frumos lumina \u0219i face servirea expresiv\u0103. Poate fi folosit ca element de accent pentru masa festiv\u0103 sau interior.   <\/p>\n","protected":false},"excerpt":{"rendered":"<p class=\"p1\">Fructier\u0103 din sticl\u0103 pe picior 26\u00d712 cm pentru servirea fructelor \u0219i deserturilor.<\/p>\n","protected":false},"featured_media":7327,"template":"","meta":[],"product_brand":[],"product_cat":[888,248],"product_tag":[],"class_list":{"0":"post-8068","1":"product","2":"type-product","3":"status-publish","4":"has-post-thumbnail","6":"product_cat-pentru-servire","7":"product_cat-vesela","8":"pa_brand-andrea-fontebasso","9":"pa_color-orange","10":"pa_material-sticla","11":"pa_size-o26x11-cm","13":"first","14":"instock","15":"shipping-taxable","16":"purchasable","17":"product-type-simple"},"_links":{"self":[{"href":"https:\/\/moi-dom.md\/ro\/wp-json\/wp\/v2\/product\/8068","targetHints":{"allow":["GET"]}}],"collection":[{"href":"https:\/\/moi-dom.md\/ro\/wp-json\/wp\/v2\/product"}],"about":[{"href":"https:\/\/moi-dom.md\/ro\/wp-json\/wp\/v2\/types\/product"}],"version-history":[{"count":1,"href":"https:\/\/moi-dom.md\/ro\/wp-json\/wp\/v2\/product\/8068\/revisions"}],"predecessor-version":[{"id":10148,"href":"https:\/\/moi-dom.md\/ro\/wp-json\/wp\/v2\/product\/8068\/revisions\/10148"}],"wp:featuredmedia":[{"embeddable":true,"href":"https:\/\/moi-dom.md\/ro\/wp-json\/wp\/v2\/media\/7327"}],"wp:attachment":[{"href":"https:\/\/moi-dom.md\/ro\/wp-json\/wp\/v2\/media?parent=8068"}],"wp:term":[{"taxonomy":"product_brand","embeddable":true,"href":"https:\/\/moi-dom.md\/ro\/wp-json\/wp\/v2\/product_brand?post=8068"},{"taxonomy":"product_cat","embeddable":true,"href":"https:\/\/moi-dom.md\/ro\/wp-json\/wp\/v2\/product_cat?post=8068"},{"taxonomy":"product_tag","embeddable":true,"href":"https:\/\/moi-dom.md\/ro\/wp-json\/wp\/v2\/product_tag?post=8068"}],"curies":[{"name":"wp","href":"https:\/\/api.w.org\/{rel}","templated":true}]}}