{"id":8067,"date":"2025-11-29T22:10:40","date_gmt":"2025-11-29T22:10:40","guid":{"rendered":"https:\/\/moi-dom.md\/product\/vasul-2\/"},"modified":"2026-02-16T20:52:48","modified_gmt":"2026-02-16T17:52:48","slug":"vasul-2","status":"publish","type":"product","link":"https:\/\/moi-dom.md\/ro\/produs\/vasul-2\/","title":{"rendered":"Farfurie cu picior Galassia Clear"},"content":{"rendered":"<p class=\"p1\">Farfuria cu picior Galassia Clear este realizat\u0103 din sticl\u0103 \u00eentr-o nuan\u021b\u0103 cald\u0103 de portocaliu. Diametru 26 cm, \u00een\u0103l\u021bime 12 cm. Potrivit\u0103 pentru servirea torturilor, deserturilor, fructelor \u0219i aperitivelor festive. Textura reliefat\u0103 a sticlei refract\u0103 frumos lumina \u0219i face servirea str\u0103lucitoare \u0219i expresiv\u0103. Un accent excelent pentru masa festiv\u0103.   <\/p>\n","protected":false},"excerpt":{"rendered":"<p class=\"p1\">Farfurie de sticl\u0103 pe picior 26\u00d712 cm pentru servirea deserturilor \u0219i aperitivelor.<\/p>\n","protected":false},"featured_media":7326,"template":"","meta":[],"product_brand":[],"product_cat":[888,248],"product_tag":[],"class_list":{"0":"post-8067","1":"product","2":"type-product","3":"status-publish","4":"has-post-thumbnail","6":"product_cat-pentru-servire","7":"product_cat-vesela","8":"pa_brand-andrea-fontebasso","9":"pa_color-yellow","10":"pa_color-orange","11":"pa_material-sticla","12":"pa_size-o26x12-cm","14":"first","15":"instock","16":"shipping-taxable","17":"purchasable","18":"product-type-simple"},"_links":{"self":[{"href":"https:\/\/moi-dom.md\/ro\/wp-json\/wp\/v2\/product\/8067","targetHints":{"allow":["GET"]}}],"collection":[{"href":"https:\/\/moi-dom.md\/ro\/wp-json\/wp\/v2\/product"}],"about":[{"href":"https:\/\/moi-dom.md\/ro\/wp-json\/wp\/v2\/types\/product"}],"version-history":[{"count":1,"href":"https:\/\/moi-dom.md\/ro\/wp-json\/wp\/v2\/product\/8067\/revisions"}],"predecessor-version":[{"id":10146,"href":"https:\/\/moi-dom.md\/ro\/wp-json\/wp\/v2\/product\/8067\/revisions\/10146"}],"wp:featuredmedia":[{"embeddable":true,"href":"https:\/\/moi-dom.md\/ro\/wp-json\/wp\/v2\/media\/7326"}],"wp:attachment":[{"href":"https:\/\/moi-dom.md\/ro\/wp-json\/wp\/v2\/media?parent=8067"}],"wp:term":[{"taxonomy":"product_brand","embeddable":true,"href":"https:\/\/moi-dom.md\/ro\/wp-json\/wp\/v2\/product_brand?post=8067"},{"taxonomy":"product_cat","embeddable":true,"href":"https:\/\/moi-dom.md\/ro\/wp-json\/wp\/v2\/product_cat?post=8067"},{"taxonomy":"product_tag","embeddable":true,"href":"https:\/\/moi-dom.md\/ro\/wp-json\/wp\/v2\/product_tag?post=8067"}],"curies":[{"name":"wp","href":"https:\/\/api.w.org\/{rel}","templated":true}]}}