{"id":8066,"date":"2025-11-29T22:10:40","date_gmt":"2025-11-29T22:10:40","guid":{"rendered":"https:\/\/moi-dom.md\/product\/vasul\/"},"modified":"2026-02-16T20:52:02","modified_gmt":"2026-02-16T17:52:02","slug":"vasul","status":"publish","type":"product","link":"https:\/\/moi-dom.md\/ro\/produs\/vasul\/","title":{"rendered":"Farfurie cu picior Galassia Clear"},"content":{"rendered":"<p class=\"p1\">Farfuria cu picior Galassia Clear este realizat\u0103 din sticl\u0103 \u00een nuan\u021be de violet \u0219i verde. Diametru 26 cm, \u00een\u0103l\u021bime 12 cm. Potrivit pentru servirea torturilor, deserturilor, fructelor \u0219i aperitivelor. Textura reliefat\u0103 a sticlei joac\u0103 frumos cu lumina \u0219i face servirea expresiv\u0103. Ideal pentru masa de s\u0103rb\u0103toare \u0219i servirea \u00een interior.   <\/p>\n","protected":false},"excerpt":{"rendered":"<p class=\"p1\">Farfurie de sticl\u0103 pe picior 26\u00d712 cm pentru servirea deserturilor \u0219i aperitivelor.<\/p>\n","protected":false},"featured_media":7325,"template":"","meta":[],"product_brand":[],"product_cat":[887,239],"product_tag":[],"class_list":{"0":"post-8066","1":"product","2":"type-product","3":"status-publish","4":"has-post-thumbnail","6":"product_cat-dlya-podachi","7":"product_cat-posyda","8":"pa_brand-andrea-fontebasso","9":"pa_color-pastel-turquoise","10":"pa_color-powder-pink","11":"pa_material-596","12":"pa_size-o26x12-","14":"first","15":"instock","16":"shipping-taxable","17":"purchasable","18":"product-type-simple"},"_links":{"self":[{"href":"https:\/\/moi-dom.md\/ro\/wp-json\/wp\/v2\/product\/8066","targetHints":{"allow":["GET"]}}],"collection":[{"href":"https:\/\/moi-dom.md\/ro\/wp-json\/wp\/v2\/product"}],"about":[{"href":"https:\/\/moi-dom.md\/ro\/wp-json\/wp\/v2\/types\/product"}],"version-history":[{"count":1,"href":"https:\/\/moi-dom.md\/ro\/wp-json\/wp\/v2\/product\/8066\/revisions"}],"predecessor-version":[{"id":10143,"href":"https:\/\/moi-dom.md\/ro\/wp-json\/wp\/v2\/product\/8066\/revisions\/10143"}],"wp:featuredmedia":[{"embeddable":true,"href":"https:\/\/moi-dom.md\/ro\/wp-json\/wp\/v2\/media\/7325"}],"wp:attachment":[{"href":"https:\/\/moi-dom.md\/ro\/wp-json\/wp\/v2\/media?parent=8066"}],"wp:term":[{"taxonomy":"product_brand","embeddable":true,"href":"https:\/\/moi-dom.md\/ro\/wp-json\/wp\/v2\/product_brand?post=8066"},{"taxonomy":"product_cat","embeddable":true,"href":"https:\/\/moi-dom.md\/ro\/wp-json\/wp\/v2\/product_cat?post=8066"},{"taxonomy":"product_tag","embeddable":true,"href":"https:\/\/moi-dom.md\/ro\/wp-json\/wp\/v2\/product_tag?post=8066"}],"curies":[{"name":"wp","href":"https:\/\/api.w.org\/{rel}","templated":true}]}}