{"id":8061,"date":"2025-11-29T22:11:15","date_gmt":"2025-11-29T22:11:15","guid":{"rendered":"https:\/\/moi-dom.md\/product\/set-de-pahare\/"},"modified":"2026-02-16T19:32:09","modified_gmt":"2026-02-16T16:32:09","slug":"set-de-pahare","status":"publish","type":"product","link":"https:\/\/moi-dom.md\/ro\/produs\/set-de-pahare\/","title":{"rendered":"Set de pahare pentru b\u0103uturi de desert Margot"},"content":{"rendered":"<p class=\"p1\">Setul de pahare pentru b\u0103uturi desert Margot include 6 pahare de sticl\u0103 cu picior. Sunt potrivite pentru servirea sorbetului, digestivelor, lichiorurilor \u0219i vinurilor dulci. Sticla transparent\u0103 cu margine aurie arat\u0103 elegant \u00een servire \u0219i se potrive\u0219te cu vesela din colec\u021bia Margot.  <\/p>\n","protected":false},"excerpt":{"rendered":"<p class=\"p1\">Set de pahare de sticl\u0103 pentru b\u0103uturi desert 6 buc\u0103\u021bi pe picior, transparente cu margine aurie.<\/p>\n","protected":false},"featured_media":7372,"template":"","meta":[],"product_brand":[],"product_cat":[890,248],"product_tag":[],"class_list":{"0":"post-8061","1":"product","2":"type-product","3":"status-publish","4":"has-post-thumbnail","6":"product_cat-bar-si-sticla","7":"product_cat-vesela","8":"pa_brand-andrea-fontebasso","9":"pa_color-gold","10":"pa_color-transparent","11":"pa_material-596","12":"pa_volume-200-","14":"first","15":"instock","16":"shipping-taxable","17":"purchasable","18":"product-type-simple"},"_links":{"self":[{"href":"https:\/\/moi-dom.md\/ro\/wp-json\/wp\/v2\/product\/8061","targetHints":{"allow":["GET"]}}],"collection":[{"href":"https:\/\/moi-dom.md\/ro\/wp-json\/wp\/v2\/product"}],"about":[{"href":"https:\/\/moi-dom.md\/ro\/wp-json\/wp\/v2\/types\/product"}],"version-history":[{"count":1,"href":"https:\/\/moi-dom.md\/ro\/wp-json\/wp\/v2\/product\/8061\/revisions"}],"predecessor-version":[{"id":10122,"href":"https:\/\/moi-dom.md\/ro\/wp-json\/wp\/v2\/product\/8061\/revisions\/10122"}],"wp:featuredmedia":[{"embeddable":true,"href":"https:\/\/moi-dom.md\/ro\/wp-json\/wp\/v2\/media\/7372"}],"wp:attachment":[{"href":"https:\/\/moi-dom.md\/ro\/wp-json\/wp\/v2\/media?parent=8061"}],"wp:term":[{"taxonomy":"product_brand","embeddable":true,"href":"https:\/\/moi-dom.md\/ro\/wp-json\/wp\/v2\/product_brand?post=8061"},{"taxonomy":"product_cat","embeddable":true,"href":"https:\/\/moi-dom.md\/ro\/wp-json\/wp\/v2\/product_cat?post=8061"},{"taxonomy":"product_tag","embeddable":true,"href":"https:\/\/moi-dom.md\/ro\/wp-json\/wp\/v2\/product_tag?post=8061"}],"curies":[{"name":"wp","href":"https:\/\/api.w.org\/{rel}","templated":true}]}}