{"id":8060,"date":"2025-11-29T22:11:15","date_gmt":"2025-11-29T22:11:15","guid":{"rendered":"https:\/\/moi-dom.md\/product\/set-de-sase-pahare\/"},"modified":"2026-02-16T19:26:47","modified_gmt":"2026-02-16T16:26:47","slug":"set-de-sase-pahare","status":"publish","type":"product","link":"https:\/\/moi-dom.md\/ro\/produs\/set-de-sase-pahare\/","title":{"rendered":"Set de pahare Margot"},"content":{"rendered":"<p class=\"p1\">Setul de pahare Margot include 6 pahare de sticl\u0103 cu o capacitate de 440 ml. Sunt potrivite pentru ap\u0103, suc, cocktailuri \u0219i servirea zilnic\u0103. Sticla transparent\u0103 cu margine aurie adaug\u0103 un accent elegant mesei \u0219i se potrive\u0219te cu vesela clasic\u0103 \u0219i festiv\u0103.  <\/p>\n","protected":false},"excerpt":{"rendered":"<p class=\"p1\">Set de 6 pahare de sticl\u0103, capacitate 440 ml, transparente cu margine aurie.<\/p>\n","protected":false},"featured_media":7371,"template":"","meta":[],"product_brand":[],"product_cat":[890,248],"product_tag":[],"class_list":{"0":"post-8060","1":"product","2":"type-product","3":"status-publish","4":"has-post-thumbnail","6":"product_cat-bar-si-sticla","7":"product_cat-vesela","8":"pa_brand-andrea-fontebasso","9":"pa_color-gold","10":"pa_color-transparent","11":"pa_material-sticla","12":"pa_uhod-se-poate-spala-in-masina-de-spalat-vase","13":"pa_volume-440-ml","15":"first","16":"instock","17":"shipping-taxable","18":"purchasable","19":"product-type-simple"},"_links":{"self":[{"href":"https:\/\/moi-dom.md\/ro\/wp-json\/wp\/v2\/product\/8060","targetHints":{"allow":["GET"]}}],"collection":[{"href":"https:\/\/moi-dom.md\/ro\/wp-json\/wp\/v2\/product"}],"about":[{"href":"https:\/\/moi-dom.md\/ro\/wp-json\/wp\/v2\/types\/product"}],"version-history":[{"count":3,"href":"https:\/\/moi-dom.md\/ro\/wp-json\/wp\/v2\/product\/8060\/revisions"}],"predecessor-version":[{"id":10120,"href":"https:\/\/moi-dom.md\/ro\/wp-json\/wp\/v2\/product\/8060\/revisions\/10120"}],"wp:featuredmedia":[{"embeddable":true,"href":"https:\/\/moi-dom.md\/ro\/wp-json\/wp\/v2\/media\/7371"}],"wp:attachment":[{"href":"https:\/\/moi-dom.md\/ro\/wp-json\/wp\/v2\/media?parent=8060"}],"wp:term":[{"taxonomy":"product_brand","embeddable":true,"href":"https:\/\/moi-dom.md\/ro\/wp-json\/wp\/v2\/product_brand?post=8060"},{"taxonomy":"product_cat","embeddable":true,"href":"https:\/\/moi-dom.md\/ro\/wp-json\/wp\/v2\/product_cat?post=8060"},{"taxonomy":"product_tag","embeddable":true,"href":"https:\/\/moi-dom.md\/ro\/wp-json\/wp\/v2\/product_tag?post=8060"}],"curies":[{"name":"wp","href":"https:\/\/api.w.org\/{rel}","templated":true}]}}