{"id":8056,"date":"2025-11-29T22:11:15","date_gmt":"2025-11-29T22:11:15","guid":{"rendered":"https:\/\/moi-dom.md\/product\/bol-de-salata\/"},"modified":"2026-02-16T18:25:13","modified_gmt":"2026-02-16T15:25:13","slug":"bol-de-salata","status":"publish","type":"product","link":"https:\/\/moi-dom.md\/ro\/produs\/bol-de-salata\/","title":{"rendered":"Salaterie 25 cm Ribes"},"content":{"rendered":"<p class=\"p1\">Salatiera Ribes de 25 cm este realizat\u0103 din por\u021belan \u0219i este potrivit\u0103 pentru servirea salatelor, pastelor \u0219i aperitivelor. Forma sa universal\u0103 o face convenabil\u0103 pentru servirea zilnic\u0103 \u0219i festiv\u0103. Se combin\u0103 u\u0219or cu farfuriile \u0219i serviciile din colec\u021bia Ribes. Potrivit\u0103 pentru utilizare zilnic\u0103.   <\/p>\n","protected":false},"excerpt":{"rendered":"<p class=\"p1\">Salatier\u0103 de 25 cm pentru servirea salatelor \u0219i aperitivelor. Potrivit\u0103 pentru servirea zilnic\u0103 \u0219i festiv\u0103. <\/p>\n","protected":false},"featured_media":7330,"template":"","meta":[],"product_brand":[],"product_cat":[887,239],"product_tag":[],"class_list":{"0":"post-8056","1":"product","2":"type-product","3":"status-publish","4":"has-post-thumbnail","6":"product_cat-dlya-podachi","7":"product_cat-posyda","8":"pa_brand-andrea-fontebasso","9":"pa_color-multicolor","10":"pa_material-595","11":"pa_size-o25-","12":"pa_uhod-869","13":"pa_uhod-posudomoechnaya-mashina","15":"first","16":"instock","17":"shipping-taxable","18":"purchasable","19":"product-type-simple"},"_links":{"self":[{"href":"https:\/\/moi-dom.md\/ro\/wp-json\/wp\/v2\/product\/8056","targetHints":{"allow":["GET"]}}],"collection":[{"href":"https:\/\/moi-dom.md\/ro\/wp-json\/wp\/v2\/product"}],"about":[{"href":"https:\/\/moi-dom.md\/ro\/wp-json\/wp\/v2\/types\/product"}],"version-history":[{"count":1,"href":"https:\/\/moi-dom.md\/ro\/wp-json\/wp\/v2\/product\/8056\/revisions"}],"predecessor-version":[{"id":10100,"href":"https:\/\/moi-dom.md\/ro\/wp-json\/wp\/v2\/product\/8056\/revisions\/10100"}],"wp:featuredmedia":[{"embeddable":true,"href":"https:\/\/moi-dom.md\/ro\/wp-json\/wp\/v2\/media\/7330"}],"wp:attachment":[{"href":"https:\/\/moi-dom.md\/ro\/wp-json\/wp\/v2\/media?parent=8056"}],"wp:term":[{"taxonomy":"product_brand","embeddable":true,"href":"https:\/\/moi-dom.md\/ro\/wp-json\/wp\/v2\/product_brand?post=8056"},{"taxonomy":"product_cat","embeddable":true,"href":"https:\/\/moi-dom.md\/ro\/wp-json\/wp\/v2\/product_cat?post=8056"},{"taxonomy":"product_tag","embeddable":true,"href":"https:\/\/moi-dom.md\/ro\/wp-json\/wp\/v2\/product_tag?post=8056"}],"curies":[{"name":"wp","href":"https:\/\/api.w.org\/{rel}","templated":true}]}}