{"id":8055,"date":"2025-11-29T22:11:15","date_gmt":"2025-11-29T22:11:15","guid":{"rendered":"https:\/\/moi-dom.md\/product\/set-de-18-farfurii\/"},"modified":"2026-02-16T14:27:20","modified_gmt":"2026-02-16T11:27:20","slug":"set-de-18-farfurii","status":"publish","type":"product","link":"https:\/\/moi-dom.md\/ro\/produs\/set-de-18-farfurii\/","title":{"rendered":"Set de mas\u0103 pentru 6 persoane, 18 piese Ribes"},"content":{"rendered":"<p class=\"p1\">Setul de mas\u0103 pentru 6 persoane Ribes, format din 18 piese, este realizat din por\u021belan \u0219i este potrivit pentru servirea zilnic\u0103 \u0219i festiv\u0103.<\/p>\n<p class=\"p1\">Setul include:<\/p>\n<p class=\"p1\">\u2013 6 farfurii de mas\u0103 de 27 cm<\/p>\n<p class=\"p1\">\u2013 6 farfurii de sup\u0103 de 22 cm<\/p>\n<p class=\"p1\">\u2013 6 farfurii de desert de 21 cm<\/p>\n<p class=\"p1\">Setul este rezistent la utilizarea zilnic\u0103, poate fi sp\u0103lat \u00een ma\u0219ina de sp\u0103lat vase \u0219i utilizat \u00een cuptorul cu microunde. Decorul vegetal \u00eel face o solu\u021bie universal\u0103 pentru servirea mesei. <\/p>\n","protected":false},"excerpt":{"rendered":"<p class=\"p1\">Set de vesel\u0103 din por\u021belan, 18 piese, pentru 6 persoane. Include farfurii pentru mas\u0103, sup\u0103 \u0219i desert. Potrivit pentru servirea zilnic\u0103 \u0219i festiv\u0103.  <\/p>\n","protected":false},"featured_media":10070,"template":"","meta":[],"product_brand":[],"product_cat":[248,868],"product_tag":[],"class_list":{"0":"post-8055","1":"product","2":"type-product","3":"status-publish","4":"has-post-thumbnail","6":"product_cat-vesela","7":"product_cat-vesela-pentru-masa","8":"pa_brand-andrea-fontebasso","9":"pa_color-multicolor","10":"pa_material-portelan","11":"pa_size-o21-cm","12":"pa_size-o22-cm","13":"pa_size-o27-cm","14":"pa_uhod-potrivit-pentru-utilizare-in-microunde","15":"pa_uhod-se-poate-spala-in-masina-de-spalat-vase","17":"first","18":"instock","19":"shipping-taxable","20":"purchasable","21":"product-type-simple"},"_links":{"self":[{"href":"https:\/\/moi-dom.md\/ro\/wp-json\/wp\/v2\/product\/8055","targetHints":{"allow":["GET"]}}],"collection":[{"href":"https:\/\/moi-dom.md\/ro\/wp-json\/wp\/v2\/product"}],"about":[{"href":"https:\/\/moi-dom.md\/ro\/wp-json\/wp\/v2\/types\/product"}],"version-history":[{"count":1,"href":"https:\/\/moi-dom.md\/ro\/wp-json\/wp\/v2\/product\/8055\/revisions"}],"predecessor-version":[{"id":10072,"href":"https:\/\/moi-dom.md\/ro\/wp-json\/wp\/v2\/product\/8055\/revisions\/10072"}],"wp:featuredmedia":[{"embeddable":true,"href":"https:\/\/moi-dom.md\/ro\/wp-json\/wp\/v2\/media\/10070"}],"wp:attachment":[{"href":"https:\/\/moi-dom.md\/ro\/wp-json\/wp\/v2\/media?parent=8055"}],"wp:term":[{"taxonomy":"product_brand","embeddable":true,"href":"https:\/\/moi-dom.md\/ro\/wp-json\/wp\/v2\/product_brand?post=8055"},{"taxonomy":"product_cat","embeddable":true,"href":"https:\/\/moi-dom.md\/ro\/wp-json\/wp\/v2\/product_cat?post=8055"},{"taxonomy":"product_tag","embeddable":true,"href":"https:\/\/moi-dom.md\/ro\/wp-json\/wp\/v2\/product_tag?post=8055"}],"curies":[{"name":"wp","href":"https:\/\/api.w.org\/{rel}","templated":true}]}}