{"id":7968,"date":"2025-11-29T22:11:53","date_gmt":"2025-11-29T22:11:53","guid":{"rendered":"https:\/\/moi-dom.md\/product\/fata-de-masa-140x180-cm-2\/"},"modified":"2026-02-12T16:24:26","modified_gmt":"2026-02-12T13:24:26","slug":"fata-de-masa-140x180-cm-2","status":"publish","type":"product","link":"https:\/\/moi-dom.md\/ro\/produs\/fata-de-masa-140x180-cm-2\/","title":{"rendered":"Fa\u021b\u0103 de mas\u0103 Silver Prince"},"content":{"rendered":"<p class=\"p1\">Fata de mas\u0103 din poliester cu un model jacquard delicat \u00een nuan\u021b\u0103 argintie confer\u0103 mesei un aspect \u00eengrijit \u0219i elegant. Materialul este rezistent la uzur\u0103, \u00ee\u0219i p\u0103streaz\u0103 bine forma \u0219i este u\u0219or de \u00eentre\u021binut. O variant\u0103 universal\u0103 pentru cas\u0103, atunci c\u00e2nd dori\u021bi un accent u\u0219or \u0219i elegant, f\u0103r\u0103 a supra\u00eenc\u0103rca decorul.  <\/p>\n","protected":false},"excerpt":{"rendered":"<p class=\"p1\">Fat\u0103 de mas\u0103 argintie din poliester cu un model clasic elegant. Potrivit\u0103 pentru servirea zilnic\u0103 \u0219i festiv\u0103. <\/p>\n","protected":false},"featured_media":7354,"template":"","meta":[],"product_brand":[],"product_cat":[249,750],"product_tag":[],"class_list":{"0":"post-7968","1":"product","2":"type-product","3":"status-publish","4":"has-post-thumbnail","6":"product_cat-textile-pentru-casa","7":"product_cat-textile-pentru-masa","8":"pa_brand-tognana","9":"pa_color-silver","10":"pa_material-755","11":"pa_shape-dreptunghiulara","12":"pa_size-140x180-cm","13":"pa_size-150x300-cm","15":"first","16":"instock","17":"shipping-taxable","18":"purchasable","19":"product-type-variable"},"_links":{"self":[{"href":"https:\/\/moi-dom.md\/ro\/wp-json\/wp\/v2\/product\/7968","targetHints":{"allow":["GET"]}}],"collection":[{"href":"https:\/\/moi-dom.md\/ro\/wp-json\/wp\/v2\/product"}],"about":[{"href":"https:\/\/moi-dom.md\/ro\/wp-json\/wp\/v2\/types\/product"}],"version-history":[{"count":1,"href":"https:\/\/moi-dom.md\/ro\/wp-json\/wp\/v2\/product\/7968\/revisions"}],"predecessor-version":[{"id":9408,"href":"https:\/\/moi-dom.md\/ro\/wp-json\/wp\/v2\/product\/7968\/revisions\/9408"}],"wp:featuredmedia":[{"embeddable":true,"href":"https:\/\/moi-dom.md\/ro\/wp-json\/wp\/v2\/media\/7354"}],"wp:attachment":[{"href":"https:\/\/moi-dom.md\/ro\/wp-json\/wp\/v2\/media?parent=7968"}],"wp:term":[{"taxonomy":"product_brand","embeddable":true,"href":"https:\/\/moi-dom.md\/ro\/wp-json\/wp\/v2\/product_brand?post=7968"},{"taxonomy":"product_cat","embeddable":true,"href":"https:\/\/moi-dom.md\/ro\/wp-json\/wp\/v2\/product_cat?post=7968"},{"taxonomy":"product_tag","embeddable":true,"href":"https:\/\/moi-dom.md\/ro\/wp-json\/wp\/v2\/product_tag?post=7968"}],"curies":[{"name":"wp","href":"https:\/\/api.w.org\/{rel}","templated":true}]}}