{"id":7967,"date":"2025-11-29T22:11:53","date_gmt":"2025-11-29T22:11:53","guid":{"rendered":"https:\/\/moi-dom.md\/product\/%d1%81%d0%ba%d0%b0%d1%82%d0%b5%d1%80%d1%82%d1%8c-140x180-%d1%81%d0%bc\/"},"modified":"2026-02-12T15:52:38","modified_gmt":"2026-02-12T12:52:38","slug":"%d1%81%d0%ba%d0%b0%d1%82%d0%b5%d1%80%d1%82%d1%8c-140x180-%d1%81%d0%bc","status":"publish","type":"product","link":"https:\/\/moi-dom.md\/ro\/produs\/%d1%81%d0%ba%d0%b0%d1%82%d0%b5%d1%80%d1%82%d1%8c-140x180-%d1%81%d0%bc\/","title":{"rendered":"Fa\u021b\u0103 de mas\u0103 Holly Gold"},"content":{"rendered":"<p class=\"p1\">Fata de mas\u0103 este confec\u021bionat\u0103 din poliester rezistent la uzur\u0103, care \u00ee\u0219i p\u0103streaz\u0103 bine forma \u0219i este u\u0219or de \u00eentre\u021binut. Este potrivit\u0103 pentru utilizarea zilnic\u0103 \u0219i pentru servirea festiv\u0103, ajut\u00e2nd la men\u021binerea mesei curate \u0219i protejate. Designul universal se integreaz\u0103 u\u0219or \u00een interiorul buc\u0103t\u0103riei sau al sufrageriei.  <\/p>\n","protected":false},"excerpt":{"rendered":"<p class=\"p1\">Fata de mas\u0103 din poliester rezistent \u2014 o solu\u021bie practic\u0103 pentru servirea zilnic\u0103. Materialul se cur\u0103\u021b\u0103 u\u0219or, este rezistent la uzur\u0103 \u0219i \u00ee\u0219i p\u0103streaz\u0103 aspectul \u00eengrijit. <\/p>\n","protected":false},"featured_media":7353,"template":"","meta":[],"product_brand":[],"product_cat":[240,743],"product_tag":[],"class_list":{"0":"post-7967","1":"product","2":"type-product","3":"status-publish","4":"has-post-thumbnail","6":"product_cat-tekstil-dlya-doma","7":"product_cat-stolovyy-tekstil","8":"pa_brand-tognana","9":"pa_color-gold","10":"pa_material-598","11":"pa_shape-609","12":"pa_size-140x180-","13":"pa_size-140x240-","15":"first","16":"instock","17":"shipping-taxable","18":"purchasable","19":"product-type-variable"},"_links":{"self":[{"href":"https:\/\/moi-dom.md\/ro\/wp-json\/wp\/v2\/product\/7967","targetHints":{"allow":["GET"]}}],"collection":[{"href":"https:\/\/moi-dom.md\/ro\/wp-json\/wp\/v2\/product"}],"about":[{"href":"https:\/\/moi-dom.md\/ro\/wp-json\/wp\/v2\/types\/product"}],"version-history":[{"count":1,"href":"https:\/\/moi-dom.md\/ro\/wp-json\/wp\/v2\/product\/7967\/revisions"}],"predecessor-version":[{"id":9394,"href":"https:\/\/moi-dom.md\/ro\/wp-json\/wp\/v2\/product\/7967\/revisions\/9394"}],"wp:featuredmedia":[{"embeddable":true,"href":"https:\/\/moi-dom.md\/ro\/wp-json\/wp\/v2\/media\/7353"}],"wp:attachment":[{"href":"https:\/\/moi-dom.md\/ro\/wp-json\/wp\/v2\/media?parent=7967"}],"wp:term":[{"taxonomy":"product_brand","embeddable":true,"href":"https:\/\/moi-dom.md\/ro\/wp-json\/wp\/v2\/product_brand?post=7967"},{"taxonomy":"product_cat","embeddable":true,"href":"https:\/\/moi-dom.md\/ro\/wp-json\/wp\/v2\/product_cat?post=7967"},{"taxonomy":"product_tag","embeddable":true,"href":"https:\/\/moi-dom.md\/ro\/wp-json\/wp\/v2\/product_tag?post=7967"}],"curies":[{"name":"wp","href":"https:\/\/api.w.org\/{rel}","templated":true}]}}