{"id":7966,"date":"2025-11-29T22:11:53","date_gmt":"2025-11-29T22:11:53","guid":{"rendered":"https:\/\/moi-dom.md\/product\/fata-de-masa-140x240-cm-4\/"},"modified":"2026-02-14T17:32:48","modified_gmt":"2026-02-14T14:32:48","slug":"fata-de-masa-140x240-cm-4","status":"publish","type":"product","link":"https:\/\/moi-dom.md\/ro\/produs\/fata-de-masa-140x240-cm-4\/","title":{"rendered":"Fa\u021b\u0103 de mas\u0103 Gold Gift"},"content":{"rendered":"<p class=\"p1\">Fa\u021ba de mas\u0103 Gold Gift este un model elegant \u00eentr-o nuan\u021b\u0103 cald\u0103 aurie, cu ornament delicat. \u021aes\u0103tura jacquard ofer\u0103 un luciu discret \u0219i eviden\u021biaz\u0103 modelul, ad\u0103ug\u00e2nd un aer festiv \u0219i rafinat mesei. Dimensiunea 140\u00d7240 cm este potrivit\u0103 pentru mese dreptunghiulare, asigur\u00e2nd o c\u0103dere frumoas\u0103 pe margini. Ideal\u0103 pentru ocazii speciale \u0219i mese festive.   <\/p>\n","protected":false},"excerpt":{"rendered":"<p class=\"p1\">Fa\u021b\u0103 de mas\u0103 jacquard Gold Gift \u2014 accent auriu pentru o mas\u0103 festiv\u0103.<\/p>\n","protected":false},"featured_media":7355,"template":"","meta":[],"product_brand":[],"product_cat":[240,743],"product_tag":[],"class_list":{"0":"post-7966","1":"product","2":"type-product","3":"status-publish","4":"has-post-thumbnail","6":"product_cat-tekstil-dlya-doma","7":"product_cat-stolovyy-tekstil","8":"pa_brand-tognana","9":"pa_color-gold","10":"pa_material-598","11":"pa_shape-609","12":"pa_size-150x300-","14":"first","15":"instock","16":"shipping-taxable","17":"purchasable","18":"product-type-simple"},"_links":{"self":[{"href":"https:\/\/moi-dom.md\/ro\/wp-json\/wp\/v2\/product\/7966","targetHints":{"allow":["GET"]}}],"collection":[{"href":"https:\/\/moi-dom.md\/ro\/wp-json\/wp\/v2\/product"}],"about":[{"href":"https:\/\/moi-dom.md\/ro\/wp-json\/wp\/v2\/types\/product"}],"version-history":[{"count":1,"href":"https:\/\/moi-dom.md\/ro\/wp-json\/wp\/v2\/product\/7966\/revisions"}],"predecessor-version":[{"id":9763,"href":"https:\/\/moi-dom.md\/ro\/wp-json\/wp\/v2\/product\/7966\/revisions\/9763"}],"wp:featuredmedia":[{"embeddable":true,"href":"https:\/\/moi-dom.md\/ro\/wp-json\/wp\/v2\/media\/7355"}],"wp:attachment":[{"href":"https:\/\/moi-dom.md\/ro\/wp-json\/wp\/v2\/media?parent=7966"}],"wp:term":[{"taxonomy":"product_brand","embeddable":true,"href":"https:\/\/moi-dom.md\/ro\/wp-json\/wp\/v2\/product_brand?post=7966"},{"taxonomy":"product_cat","embeddable":true,"href":"https:\/\/moi-dom.md\/ro\/wp-json\/wp\/v2\/product_cat?post=7966"},{"taxonomy":"product_tag","embeddable":true,"href":"https:\/\/moi-dom.md\/ro\/wp-json\/wp\/v2\/product_tag?post=7966"}],"curies":[{"name":"wp","href":"https:\/\/api.w.org\/{rel}","templated":true}]}}