{"id":7964,"date":"2025-11-29T22:12:27","date_gmt":"2025-11-29T22:12:27","guid":{"rendered":"https:\/\/moi-dom.md\/product\/runner-cu-doua-straturi-40x140-cm-2\/"},"modified":"2026-02-14T15:55:17","modified_gmt":"2026-02-14T12:55:17","slug":"runner-cu-doua-straturi-40x140-cm-2","status":"publish","type":"product","link":"https:\/\/moi-dom.md\/ro\/produs\/runner-cu-doua-straturi-40x140-cm-2\/","title":{"rendered":"\u0414\u0432\u0443\u0445\u0441\u043b\u043e\u0439\u043d\u044b\u0439 \u0431\u0435\u0433\u0443\u043d\u043e\u043a \u043d\u0430 \u0441\u0442\u043e\u043b Bloom"},"content":{"rendered":"<p class=\"p1\">Runnerul Bloom 40\u00d7140 cm este realizat din bumbac \u0219i are design fa\u021b\u0103 dubl\u0103, permi\u021b\u00e2nd schimbarea decorului mesei cu u\u0219urin\u021b\u0103. Imprimeul floral \u00een nuan\u021be de verde aduce prospe\u021bime \u0219i elegan\u021b\u0103 interiorului. Ideal pentru masa de dining, consol\u0103 sau comod\u0103. Poate fi folosit individual sau \u00een combina\u021bie cu fa\u021ba de mas\u0103 din aceea\u0219i colec\u021bie.   <\/p>\n","protected":false},"excerpt":{"rendered":"<p class=\"p1\">Runner din bumbac 40\u00d7140 cm, fa\u021b\u0103 dubl\u0103, din colec\u021bia Bloom, cu imprimeu floral verde.<\/p>\n","protected":false},"featured_media":7363,"template":"","meta":[],"product_brand":[],"product_cat":[240,743],"product_tag":[],"class_list":{"0":"post-7964","1":"product","2":"type-product","3":"status-publish","4":"has-post-thumbnail","6":"product_cat-tekstil-dlya-doma","7":"product_cat-stolovyy-tekstil","8":"pa_brand-andrea-fontebasso","9":"pa_color-white","10":"pa_color-grey","11":"pa_color-verde","12":"pa_material-597","13":"pa_shape-609","14":"pa_size-40x140-","16":"first","17":"instock","18":"shipping-taxable","19":"purchasable","20":"product-type-simple"},"_links":{"self":[{"href":"https:\/\/moi-dom.md\/ro\/wp-json\/wp\/v2\/product\/7964","targetHints":{"allow":["GET"]}}],"collection":[{"href":"https:\/\/moi-dom.md\/ro\/wp-json\/wp\/v2\/product"}],"about":[{"href":"https:\/\/moi-dom.md\/ro\/wp-json\/wp\/v2\/types\/product"}],"version-history":[{"count":2,"href":"https:\/\/moi-dom.md\/ro\/wp-json\/wp\/v2\/product\/7964\/revisions"}],"predecessor-version":[{"id":9727,"href":"https:\/\/moi-dom.md\/ro\/wp-json\/wp\/v2\/product\/7964\/revisions\/9727"}],"wp:featuredmedia":[{"embeddable":true,"href":"https:\/\/moi-dom.md\/ro\/wp-json\/wp\/v2\/media\/7363"}],"wp:attachment":[{"href":"https:\/\/moi-dom.md\/ro\/wp-json\/wp\/v2\/media?parent=7964"}],"wp:term":[{"taxonomy":"product_brand","embeddable":true,"href":"https:\/\/moi-dom.md\/ro\/wp-json\/wp\/v2\/product_brand?post=7964"},{"taxonomy":"product_cat","embeddable":true,"href":"https:\/\/moi-dom.md\/ro\/wp-json\/wp\/v2\/product_cat?post=7964"},{"taxonomy":"product_tag","embeddable":true,"href":"https:\/\/moi-dom.md\/ro\/wp-json\/wp\/v2\/product_tag?post=7964"}],"curies":[{"name":"wp","href":"https:\/\/api.w.org\/{rel}","templated":true}]}}