{"id":7963,"date":"2025-11-29T22:12:27","date_gmt":"2025-11-29T22:12:27","guid":{"rendered":"https:\/\/moi-dom.md\/product\/fata-de-masa-140x180-cm\/"},"modified":"2026-02-14T18:05:08","modified_gmt":"2026-02-14T15:05:08","slug":"fata-de-masa-140x180-cm","status":"publish","type":"product","link":"https:\/\/moi-dom.md\/ro\/produs\/fata-de-masa-140x180-cm\/","title":{"rendered":"Fa\u021b\u0103 de mas\u0103 Isabelle"},"content":{"rendered":"<p class=\"p1\">Fata de mas\u0103 din poliester rezistent la uzur\u0103, cu un model jacquard discret, confer\u0103 mesei un aspect \u00eengrijit \u0219i elegant. Materialul \u00ee\u0219i p\u0103streaz\u0103 bine forma, se neteze\u0219te u\u0219or \u0219i este potrivit pentru utilizare regulat\u0103. O op\u021biune universal\u0103 pentru cas\u0103, atunci c\u00e2nd ave\u021bi nevoie de linii curate \u0219i o estetic\u0103 calm\u0103.  <\/p>\n","protected":false},"excerpt":{"rendered":"<p class=\"p1\">\u0421\u0432\u0435\u0442\u043b\u0430\u044f \u0441\u043a\u0430\u0442\u0435\u0440\u0442\u044c \u0438\u0437 \u043f\u043e\u043b\u0438\u044d\u0441\u0442\u0435\u0440\u0430 \u0441 \u0434\u0435\u043b\u0438\u043a\u0430\u0442\u043d\u044b\u043c \u0440\u0435\u043b\u044c\u0435\u0444\u043d\u044b\u043c \u0443\u0437\u043e\u0440\u043e\u043c. \u041f\u0440\u0430\u043a\u0442\u0438\u0447\u043d\u043e\u0435 \u0440\u0435\u0448\u0435\u043d\u0438\u0435 \u0434\u043b\u044f \u043f\u043e\u0432\u0441\u0435\u0434\u043d\u0435\u0432\u043d\u043e\u0439 \u0438 \u043f\u0440\u0430\u0437\u0434\u043d\u0438\u0447\u043d\u043e\u0439 \u0441\u0435\u0440\u0432\u0438\u0440\u043e\u0432\u043a\u0438. <\/p>\n","protected":false},"featured_media":7362,"template":"","meta":[],"product_brand":[],"product_cat":[240,743],"product_tag":[],"class_list":{"0":"post-7963","1":"product","2":"type-product","3":"status-publish","4":"has-post-thumbnail","6":"product_cat-tekstil-dlya-doma","7":"product_cat-stolovyy-tekstil","8":"pa_brand-andrea-fontebasso","9":"pa_color-milky","10":"pa_material-598","11":"pa_shape-609","12":"pa_size-140x180-","14":"first","15":"instock","16":"shipping-taxable","17":"purchasable","18":"product-type-simple"},"_links":{"self":[{"href":"https:\/\/moi-dom.md\/ro\/wp-json\/wp\/v2\/product\/7963","targetHints":{"allow":["GET"]}}],"collection":[{"href":"https:\/\/moi-dom.md\/ro\/wp-json\/wp\/v2\/product"}],"about":[{"href":"https:\/\/moi-dom.md\/ro\/wp-json\/wp\/v2\/types\/product"}],"version-history":[{"count":2,"href":"https:\/\/moi-dom.md\/ro\/wp-json\/wp\/v2\/product\/7963\/revisions"}],"predecessor-version":[{"id":9765,"href":"https:\/\/moi-dom.md\/ro\/wp-json\/wp\/v2\/product\/7963\/revisions\/9765"}],"wp:featuredmedia":[{"embeddable":true,"href":"https:\/\/moi-dom.md\/ro\/wp-json\/wp\/v2\/media\/7362"}],"wp:attachment":[{"href":"https:\/\/moi-dom.md\/ro\/wp-json\/wp\/v2\/media?parent=7963"}],"wp:term":[{"taxonomy":"product_brand","embeddable":true,"href":"https:\/\/moi-dom.md\/ro\/wp-json\/wp\/v2\/product_brand?post=7963"},{"taxonomy":"product_cat","embeddable":true,"href":"https:\/\/moi-dom.md\/ro\/wp-json\/wp\/v2\/product_cat?post=7963"},{"taxonomy":"product_tag","embeddable":true,"href":"https:\/\/moi-dom.md\/ro\/wp-json\/wp\/v2\/product_tag?post=7963"}],"curies":[{"name":"wp","href":"https:\/\/api.w.org\/{rel}","templated":true}]}}