{"id":7961,"date":"2025-11-29T22:12:27","date_gmt":"2025-11-29T22:12:27","guid":{"rendered":"https:\/\/moi-dom.md\/product\/fata-de-masa-140x240-cm-3\/"},"modified":"2026-02-14T17:00:26","modified_gmt":"2026-02-14T14:00:26","slug":"fata-de-masa-140x240-cm-3","status":"publish","type":"product","link":"https:\/\/moi-dom.md\/ro\/produs\/fata-de-masa-140x240-cm-3\/","title":{"rendered":"Fa\u021b\u0103 de mas\u0103 Village"},"content":{"rendered":"<p class=\"p1\">Fa\u021ba de mas\u0103 Village din 100% bumbac aduce un aer cald \u0219i primitor \u00een cas\u0103. Ilustra\u021biile inspirate din stilul \u201esat italian\u201d creeaz\u0103 o atmosfer\u0103 de lini\u0219te \u0219i mese \u00een familie. Dimensiunea 140\u00d7240 cm este potrivit\u0103 pentru mese standard sau extensibile, cade elegant pe margini \u0219i completeaz\u0103 armonios decorul. Bumbacul natural este pl\u0103cut la atingere \u0219i potrivit pentru utilizare zilnic\u0103.   <\/p>\n","protected":false},"excerpt":{"rendered":"<p class=\"p1\">Fa\u021b\u0103 de mas\u0103 din bumbac Village \u2014 pentru o mas\u0103 primitoare \u0219i decor armonios.<\/p>\n","protected":false},"featured_media":7360,"template":"","meta":[],"product_brand":[],"product_cat":[249,750],"product_tag":[],"class_list":{"0":"post-7961","1":"product","2":"type-product","3":"status-publish","4":"has-post-thumbnail","6":"product_cat-textile-pentru-casa","7":"product_cat-textile-pentru-masa","8":"pa_brand-andrea-fontebasso","9":"pa_color-multicolor","10":"pa_material-bumbac","11":"pa_shape-dreptunghiulara","12":"pa_size-140x240-cm","14":"first","15":"instock","16":"shipping-taxable","17":"purchasable","18":"product-type-simple"},"_links":{"self":[{"href":"https:\/\/moi-dom.md\/ro\/wp-json\/wp\/v2\/product\/7961","targetHints":{"allow":["GET"]}}],"collection":[{"href":"https:\/\/moi-dom.md\/ro\/wp-json\/wp\/v2\/product"}],"about":[{"href":"https:\/\/moi-dom.md\/ro\/wp-json\/wp\/v2\/types\/product"}],"version-history":[{"count":1,"href":"https:\/\/moi-dom.md\/ro\/wp-json\/wp\/v2\/product\/7961\/revisions"}],"predecessor-version":[{"id":9757,"href":"https:\/\/moi-dom.md\/ro\/wp-json\/wp\/v2\/product\/7961\/revisions\/9757"}],"wp:featuredmedia":[{"embeddable":true,"href":"https:\/\/moi-dom.md\/ro\/wp-json\/wp\/v2\/media\/7360"}],"wp:attachment":[{"href":"https:\/\/moi-dom.md\/ro\/wp-json\/wp\/v2\/media?parent=7961"}],"wp:term":[{"taxonomy":"product_brand","embeddable":true,"href":"https:\/\/moi-dom.md\/ro\/wp-json\/wp\/v2\/product_brand?post=7961"},{"taxonomy":"product_cat","embeddable":true,"href":"https:\/\/moi-dom.md\/ro\/wp-json\/wp\/v2\/product_cat?post=7961"},{"taxonomy":"product_tag","embeddable":true,"href":"https:\/\/moi-dom.md\/ro\/wp-json\/wp\/v2\/product_tag?post=7961"}],"curies":[{"name":"wp","href":"https:\/\/api.w.org\/{rel}","templated":true}]}}