{"id":7958,"date":"2025-11-29T22:12:27","date_gmt":"2025-11-29T22:12:27","guid":{"rendered":"https:\/\/moi-dom.md\/product\/fata-de-masa-140x240-cm-2\/"},"modified":"2026-02-14T17:19:46","modified_gmt":"2026-02-14T14:19:46","slug":"fata-de-masa-140x240-cm-2","status":"publish","type":"product","link":"https:\/\/moi-dom.md\/ro\/produs\/fata-de-masa-140x240-cm-2\/","title":{"rendered":"Fa\u021b\u0103 de mas\u0103 Pink Gold"},"content":{"rendered":"<p class=\"p1\">Fa\u021ba de mas\u0103 Pink Gold este o alegere elegant\u0103 pentru o mas\u0103 rafinat\u0103. Fundalul roz delicat, decorat cu ornament auriu subtil, ofer\u0103 un plus de str\u0103lucire \u0219i atmosfer\u0103 festiv\u0103. \u021aes\u0103tura jacquard eviden\u021biaz\u0103 modelul \u0219i confer\u0103 un aspect sofisticat. Dimensiunea 140\u00d7240 cm este potrivit\u0103 pentru mese dreptunghiulare sau extensibile \u0219i cade armonios pe margini.   <\/p>\n","protected":false},"excerpt":{"rendered":"<p class=\"p1\">Fa\u021b\u0103 de mas\u0103 jacquard Pink Gold \u2014 accent elegant pentru o mas\u0103 stilat\u0103.<\/p>\n","protected":false},"featured_media":7357,"template":"","meta":[],"product_brand":[],"product_cat":[249,750],"product_tag":[],"class_list":{"0":"post-7958","1":"product","2":"type-product","3":"status-publish","4":"has-post-thumbnail","6":"product_cat-textile-pentru-casa","7":"product_cat-textile-pentru-masa","8":"pa_brand-tognana","9":"pa_color-powder-pink","10":"pa_color-silver","11":"pa_material-755","12":"pa_shape-dreptunghiulara","13":"pa_size-140x240-cm","15":"first","16":"instock","17":"shipping-taxable","18":"purchasable","19":"product-type-simple"},"_links":{"self":[{"href":"https:\/\/moi-dom.md\/ro\/wp-json\/wp\/v2\/product\/7958","targetHints":{"allow":["GET"]}}],"collection":[{"href":"https:\/\/moi-dom.md\/ro\/wp-json\/wp\/v2\/product"}],"about":[{"href":"https:\/\/moi-dom.md\/ro\/wp-json\/wp\/v2\/types\/product"}],"version-history":[{"count":1,"href":"https:\/\/moi-dom.md\/ro\/wp-json\/wp\/v2\/product\/7958\/revisions"}],"predecessor-version":[{"id":9759,"href":"https:\/\/moi-dom.md\/ro\/wp-json\/wp\/v2\/product\/7958\/revisions\/9759"}],"wp:featuredmedia":[{"embeddable":true,"href":"https:\/\/moi-dom.md\/ro\/wp-json\/wp\/v2\/media\/7357"}],"wp:attachment":[{"href":"https:\/\/moi-dom.md\/ro\/wp-json\/wp\/v2\/media?parent=7958"}],"wp:term":[{"taxonomy":"product_brand","embeddable":true,"href":"https:\/\/moi-dom.md\/ro\/wp-json\/wp\/v2\/product_brand?post=7958"},{"taxonomy":"product_cat","embeddable":true,"href":"https:\/\/moi-dom.md\/ro\/wp-json\/wp\/v2\/product_cat?post=7958"},{"taxonomy":"product_tag","embeddable":true,"href":"https:\/\/moi-dom.md\/ro\/wp-json\/wp\/v2\/product_tag?post=7958"}],"curies":[{"name":"wp","href":"https:\/\/api.w.org\/{rel}","templated":true}]}}