{"id":7956,"date":"2025-11-29T22:12:28","date_gmt":"2025-11-29T22:12:28","guid":{"rendered":"https:\/\/moi-dom.md\/product\/fata-de-masa-150x300-cm\/"},"modified":"2026-02-11T14:23:51","modified_gmt":"2026-02-11T11:23:51","slug":"fata-de-masa-150x300-cm","status":"publish","type":"product","link":"https:\/\/moi-dom.md\/ro\/produs\/fata-de-masa-150x300-cm\/","title":{"rendered":"Fa\u021b\u0103 de mas\u0103 Bloom"},"content":{"rendered":"<p class=\"p1\">Fata de mas\u0103 Bloom din bumbac 100% aduce prospe\u021bime \u0219i u\u0219urin\u021b\u0103 \u00een servirea mesei. Modelul botanic verde adaug\u0103 un accent natural interiorului \u0219i face masa s\u0103 par\u0103 mai vie. Potrivit\u0103 pentru utilizarea zilnic\u0103 \u0219i pentru cinele festive.  <\/p>\n","protected":false},"excerpt":{"rendered":"<p class=\"p1\">Fat\u0103 de mas\u0103 din bumbac cu imprimeu botanic verde din colec\u021bia Bloom. \u00cemprosp\u0103teaz\u0103 aranjamentul mesei \u0219i creeaz\u0103 o atmosfer\u0103 natural\u0103 \u0219i u\u0219oar\u0103 la mas\u0103. <\/p>\n","protected":false},"featured_media":7364,"template":"","meta":[],"product_brand":[],"product_cat":[240,743],"product_tag":[],"class_list":{"0":"post-7956","1":"product","2":"type-product","3":"status-publish","4":"has-post-thumbnail","6":"product_cat-tekstil-dlya-doma","7":"product_cat-stolovyy-tekstil","8":"pa_brand-andrea-fontebasso","9":"pa_color-white","10":"pa_color-green","11":"pa_material-597","12":"pa_shape-609","13":"pa_size-150x300-","15":"first","16":"instock","17":"shipping-taxable","18":"purchasable","19":"product-type-simple"},"_links":{"self":[{"href":"https:\/\/moi-dom.md\/ro\/wp-json\/wp\/v2\/product\/7956","targetHints":{"allow":["GET"]}}],"collection":[{"href":"https:\/\/moi-dom.md\/ro\/wp-json\/wp\/v2\/product"}],"about":[{"href":"https:\/\/moi-dom.md\/ro\/wp-json\/wp\/v2\/types\/product"}],"version-history":[{"count":1,"href":"https:\/\/moi-dom.md\/ro\/wp-json\/wp\/v2\/product\/7956\/revisions"}],"predecessor-version":[{"id":9282,"href":"https:\/\/moi-dom.md\/ro\/wp-json\/wp\/v2\/product\/7956\/revisions\/9282"}],"wp:featuredmedia":[{"embeddable":true,"href":"https:\/\/moi-dom.md\/ro\/wp-json\/wp\/v2\/media\/7364"}],"wp:attachment":[{"href":"https:\/\/moi-dom.md\/ro\/wp-json\/wp\/v2\/media?parent=7956"}],"wp:term":[{"taxonomy":"product_brand","embeddable":true,"href":"https:\/\/moi-dom.md\/ro\/wp-json\/wp\/v2\/product_brand?post=7956"},{"taxonomy":"product_cat","embeddable":true,"href":"https:\/\/moi-dom.md\/ro\/wp-json\/wp\/v2\/product_cat?post=7956"},{"taxonomy":"product_tag","embeddable":true,"href":"https:\/\/moi-dom.md\/ro\/wp-json\/wp\/v2\/product_tag?post=7956"}],"curies":[{"name":"wp","href":"https:\/\/api.w.org\/{rel}","templated":true}]}}