{"id":7955,"date":"2025-11-29T22:12:28","date_gmt":"2025-11-29T22:12:28","guid":{"rendered":"https:\/\/moi-dom.md\/product\/%d1%81%d0%ba%d0%b0%d1%82%d0%b5%d1%80%d1%82%d1%8c-140x240-%d1%81%d0%bc\/"},"modified":"2026-02-14T16:23:11","modified_gmt":"2026-02-14T13:23:11","slug":"%d1%81%d0%ba%d0%b0%d1%82%d0%b5%d1%80%d1%82%d1%8c-140x240-%d1%81%d0%bc","status":"publish","type":"product","link":"https:\/\/moi-dom.md\/ro\/produs\/%d1%81%d0%ba%d0%b0%d1%82%d0%b5%d1%80%d1%82%d1%8c-140x240-%d1%81%d0%bc\/","title":{"rendered":"Fa\u021b\u0103 de mas\u0103 Ribes"},"content":{"rendered":"<p class=\"p1\">Fa\u021ba de mas\u0103 rotund\u0103 Ribes, cu diametrul de 170 cm, este realizat\u0103 din bumbac \u0219i decorat\u0103 cu un imprimeu vegetal expresiv cu frunze \u0219i fructe ro\u0219ii. \u021aes\u0103tura natural\u0103 creeaz\u0103 o atmosfer\u0103 cald\u0103 \u0219i este potrivit\u0103 at\u00e2t pentru utilizare zilnic\u0103, c\u00e2t \u0219i pentru mese festive. Diametrul de 170 cm este ideal pentru mese rotunde de dimensiuni medii, se a\u0219az\u0103 elegant \u0219i adaug\u0103 un accent decorativ interiorului.  <\/p>\n","protected":false},"excerpt":{"rendered":"<p class=\"p1\">Fa\u021b\u0103 de mas\u0103 rotund\u0103 \u00d8170 cm Ribes, din bumbac, cu imprimeu vegetal.<\/p>\n","protected":false},"featured_media":7397,"template":"","meta":[],"product_brand":[],"product_cat":[249,750],"product_tag":[],"class_list":{"0":"post-7955","1":"product","2":"type-product","3":"status-publish","4":"has-post-thumbnail","6":"product_cat-textile-pentru-casa","7":"product_cat-textile-pentru-masa","8":"pa_brand-andrea-fontebasso","9":"pa_color-multicolor","10":"pa_material-bumbac","11":"pa_shape-rotunda","12":"pa_size-o170-cm","14":"first","15":"instock","16":"shipping-taxable","17":"purchasable","18":"product-type-simple"},"_links":{"self":[{"href":"https:\/\/moi-dom.md\/ro\/wp-json\/wp\/v2\/product\/7955","targetHints":{"allow":["GET"]}}],"collection":[{"href":"https:\/\/moi-dom.md\/ro\/wp-json\/wp\/v2\/product"}],"about":[{"href":"https:\/\/moi-dom.md\/ro\/wp-json\/wp\/v2\/types\/product"}],"version-history":[{"count":1,"href":"https:\/\/moi-dom.md\/ro\/wp-json\/wp\/v2\/product\/7955\/revisions"}],"predecessor-version":[{"id":9742,"href":"https:\/\/moi-dom.md\/ro\/wp-json\/wp\/v2\/product\/7955\/revisions\/9742"}],"wp:featuredmedia":[{"embeddable":true,"href":"https:\/\/moi-dom.md\/ro\/wp-json\/wp\/v2\/media\/7397"}],"wp:attachment":[{"href":"https:\/\/moi-dom.md\/ro\/wp-json\/wp\/v2\/media?parent=7955"}],"wp:term":[{"taxonomy":"product_brand","embeddable":true,"href":"https:\/\/moi-dom.md\/ro\/wp-json\/wp\/v2\/product_brand?post=7955"},{"taxonomy":"product_cat","embeddable":true,"href":"https:\/\/moi-dom.md\/ro\/wp-json\/wp\/v2\/product_cat?post=7955"},{"taxonomy":"product_tag","embeddable":true,"href":"https:\/\/moi-dom.md\/ro\/wp-json\/wp\/v2\/product_tag?post=7955"}],"curies":[{"name":"wp","href":"https:\/\/api.w.org\/{rel}","templated":true}]}}