{"id":7450,"date":"2025-11-29T22:11:16","date_gmt":"2025-11-29T22:11:16","guid":{"rendered":"https:\/\/moi-dom.md\/product\/suport-decorativ-2\/"},"modified":"2026-02-15T20:38:20","modified_gmt":"2026-02-15T17:38:20","slug":"suport-decorativ-2","status":"publish","type":"product","link":"https:\/\/moi-dom.md\/ro\/produs\/suport-decorativ-2\/","title":{"rendered":"Suport Bear cu tav\u0103"},"content":{"rendered":"<p class=\"p1\">Suportul \u201eBear\u201d cu tav\u0103 \u2014 un element decorativ spectaculos cu finisaj lucios. Potrivit pentru bomboane, bijuterii sau ca obiect de art\u0103 independent pe mas\u0103 sau comod\u0103. Datorit\u0103 formei expresive \u0219i finisajului \u00eengrijit, adaug\u0103 interiorului un plus de juc\u0103u\u0219itate \u0219i personalitate.  <\/p>\n","protected":false},"excerpt":{"rendered":"<p class=\"p1\">Suport decorativ \u00een form\u0103 de ursule\u021b cu tav\u0103. Un accent stilat pentru servirea dulciurilor sau decorarea interiorului. <\/p>\n","protected":false},"featured_media":10011,"template":"","meta":[],"product_brand":[],"product_cat":[247,246],"product_tag":[],"class_list":{"0":"post-7450","1":"product","2":"type-product","3":"status-publish","4":"has-post-thumbnail","6":"product_cat-decor-pentru-casa","7":"product_cat-elemente-decorative","8":"pa_brand-andrea-fontebasso","9":"pa_color-gold","10":"pa_material-ceramica","11":"pa_size-inaltime-19-cm","13":"first","14":"instock","15":"shipping-taxable","16":"purchasable","17":"product-type-simple"},"_links":{"self":[{"href":"https:\/\/moi-dom.md\/ro\/wp-json\/wp\/v2\/product\/7450","targetHints":{"allow":["GET"]}}],"collection":[{"href":"https:\/\/moi-dom.md\/ro\/wp-json\/wp\/v2\/product"}],"about":[{"href":"https:\/\/moi-dom.md\/ro\/wp-json\/wp\/v2\/types\/product"}],"version-history":[{"count":1,"href":"https:\/\/moi-dom.md\/ro\/wp-json\/wp\/v2\/product\/7450\/revisions"}],"predecessor-version":[{"id":10013,"href":"https:\/\/moi-dom.md\/ro\/wp-json\/wp\/v2\/product\/7450\/revisions\/10013"}],"wp:featuredmedia":[{"embeddable":true,"href":"https:\/\/moi-dom.md\/ro\/wp-json\/wp\/v2\/media\/10011"}],"wp:attachment":[{"href":"https:\/\/moi-dom.md\/ro\/wp-json\/wp\/v2\/media?parent=7450"}],"wp:term":[{"taxonomy":"product_brand","embeddable":true,"href":"https:\/\/moi-dom.md\/ro\/wp-json\/wp\/v2\/product_brand?post=7450"},{"taxonomy":"product_cat","embeddable":true,"href":"https:\/\/moi-dom.md\/ro\/wp-json\/wp\/v2\/product_cat?post=7450"},{"taxonomy":"product_tag","embeddable":true,"href":"https:\/\/moi-dom.md\/ro\/wp-json\/wp\/v2\/product_tag?post=7450"}],"curies":[{"name":"wp","href":"https:\/\/api.w.org\/{rel}","templated":true}]}}