{"id":7449,"date":"2025-11-29T22:11:16","date_gmt":"2025-11-29T22:11:16","guid":{"rendered":"https:\/\/moi-dom.md\/product\/suport-decorativ\/"},"modified":"2026-02-15T20:32:55","modified_gmt":"2026-02-15T17:32:55","slug":"suport-decorativ","status":"publish","type":"product","link":"https:\/\/moi-dom.md\/ro\/produs\/suport-decorativ\/","title":{"rendered":"Suport Bear cu tav\u0103"},"content":{"rendered":"<p class=\"p1\">Suportul \u201eBear\u201d cu tav\u0103 este un element decorativ elegant, care va ad\u0103uga caracter \u0219i o u\u0219oar\u0103 ironie interiorului. Suprafa\u021ba lucioas\u0103 \u0219i forma \u00eengrijit\u0103 \u00eel fac s\u0103 ias\u0103 \u00een eviden\u021b\u0103 pe mas\u0103, comod\u0103 sau raft. Poate fi folosit pentru bomboane, bijuterii sau ca obiect de art\u0103 independent.  <\/p>\n","protected":false},"excerpt":{"rendered":"<p class=\"p1\">Suport decorativ \u00een form\u0103 de ursule\u021b cu tav\u0103. Potrivit pentru servirea dulciurilor, a bijuteriilor sau ca element decorativ pentru interior. <\/p>\n","protected":false},"featured_media":10007,"template":"","meta":[],"product_brand":[],"product_cat":[247,246],"product_tag":[],"class_list":{"0":"post-7449","1":"product","2":"type-product","3":"status-publish","4":"has-post-thumbnail","6":"product_cat-decor-pentru-casa","7":"product_cat-elemente-decorative","8":"pa_brand-andrea-fontebasso","9":"pa_color-gold","10":"pa_color-red","11":"pa_material-ceramica","12":"pa_size-inaltime-19-cm","14":"first","15":"instock","16":"shipping-taxable","17":"purchasable","18":"product-type-simple"},"_links":{"self":[{"href":"https:\/\/moi-dom.md\/ro\/wp-json\/wp\/v2\/product\/7449","targetHints":{"allow":["GET"]}}],"collection":[{"href":"https:\/\/moi-dom.md\/ro\/wp-json\/wp\/v2\/product"}],"about":[{"href":"https:\/\/moi-dom.md\/ro\/wp-json\/wp\/v2\/types\/product"}],"version-history":[{"count":1,"href":"https:\/\/moi-dom.md\/ro\/wp-json\/wp\/v2\/product\/7449\/revisions"}],"predecessor-version":[{"id":10009,"href":"https:\/\/moi-dom.md\/ro\/wp-json\/wp\/v2\/product\/7449\/revisions\/10009"}],"wp:featuredmedia":[{"embeddable":true,"href":"https:\/\/moi-dom.md\/ro\/wp-json\/wp\/v2\/media\/10007"}],"wp:attachment":[{"href":"https:\/\/moi-dom.md\/ro\/wp-json\/wp\/v2\/media?parent=7449"}],"wp:term":[{"taxonomy":"product_brand","embeddable":true,"href":"https:\/\/moi-dom.md\/ro\/wp-json\/wp\/v2\/product_brand?post=7449"},{"taxonomy":"product_cat","embeddable":true,"href":"https:\/\/moi-dom.md\/ro\/wp-json\/wp\/v2\/product_cat?post=7449"},{"taxonomy":"product_tag","embeddable":true,"href":"https:\/\/moi-dom.md\/ro\/wp-json\/wp\/v2\/product_tag?post=7449"}],"curies":[{"name":"wp","href":"https:\/\/api.w.org\/{rel}","templated":true}]}}