{"id":7432,"date":"2025-11-29T22:11:52","date_gmt":"2025-11-29T22:11:52","guid":{"rendered":"https:\/\/moi-dom.md\/product\/suport-pentru-sticle\/"},"modified":"2026-02-15T20:56:28","modified_gmt":"2026-02-15T17:56:28","slug":"suport-pentru-sticle","status":"publish","type":"product","link":"https:\/\/moi-dom.md\/ro\/produs\/suport-pentru-sticle\/","title":{"rendered":"Suport pentru sticl\u0103 Red Bow"},"content":{"rendered":"<p class=\"p1\">Un suport spectaculos pentru sticle \u00een form\u0103 de pantof ro\u0219u cu o fund\u0103 mare va deveni un accent expresiv al interiorului. Potrivit pentru servirea mesei, decorarea barului sau ca cadou original. Suprafa\u021ba lucioas\u0103 \u0219i culoarea saturat\u0103 adaug\u0103 compozi\u021biei o atmosfer\u0103 festiv\u0103.  <\/p>\n","protected":false},"excerpt":{"rendered":"<p class=\"p1\">Suport decorativ pentru sticle \u00een form\u0103 de pantof cu fund\u0103. Un accent luminos pentru un serviciu festiv \u0219i un cadou. <\/p>\n","protected":false},"featured_media":7380,"template":"","meta":[],"product_brand":[],"product_cat":[247,246],"product_tag":[],"class_list":{"0":"post-7432","1":"product","2":"type-product","3":"status-publish","4":"has-post-thumbnail","6":"product_cat-decor-pentru-casa","7":"product_cat-elemente-decorative","8":"pa_brand-edg-enzo-de-gasperi","9":"pa_color-red","10":"pa_material-polistone","11":"pa_size-16x25x22-cm","13":"first","14":"instock","15":"shipping-taxable","16":"purchasable","17":"product-type-simple"},"_links":{"self":[{"href":"https:\/\/moi-dom.md\/ro\/wp-json\/wp\/v2\/product\/7432","targetHints":{"allow":["GET"]}}],"collection":[{"href":"https:\/\/moi-dom.md\/ro\/wp-json\/wp\/v2\/product"}],"about":[{"href":"https:\/\/moi-dom.md\/ro\/wp-json\/wp\/v2\/types\/product"}],"version-history":[{"count":1,"href":"https:\/\/moi-dom.md\/ro\/wp-json\/wp\/v2\/product\/7432\/revisions"}],"predecessor-version":[{"id":10018,"href":"https:\/\/moi-dom.md\/ro\/wp-json\/wp\/v2\/product\/7432\/revisions\/10018"}],"wp:featuredmedia":[{"embeddable":true,"href":"https:\/\/moi-dom.md\/ro\/wp-json\/wp\/v2\/media\/7380"}],"wp:attachment":[{"href":"https:\/\/moi-dom.md\/ro\/wp-json\/wp\/v2\/media?parent=7432"}],"wp:term":[{"taxonomy":"product_brand","embeddable":true,"href":"https:\/\/moi-dom.md\/ro\/wp-json\/wp\/v2\/product_brand?post=7432"},{"taxonomy":"product_cat","embeddable":true,"href":"https:\/\/moi-dom.md\/ro\/wp-json\/wp\/v2\/product_cat?post=7432"},{"taxonomy":"product_tag","embeddable":true,"href":"https:\/\/moi-dom.md\/ro\/wp-json\/wp\/v2\/product_tag?post=7432"}],"curies":[{"name":"wp","href":"https:\/\/api.w.org\/{rel}","templated":true}]}}