{"id":7427,"date":"2025-11-29T22:11:16","date_gmt":"2025-11-29T22:11:16","guid":{"rendered":"https:\/\/moi-dom.md\/product\/sfesnic\/"},"modified":"2026-02-15T19:12:03","modified_gmt":"2026-02-15T16:12:03","slug":"sfesnic","status":"publish","type":"product","link":"https:\/\/moi-dom.md\/ro\/produs\/sfesnic\/","title":{"rendered":"Sfe\u0219nic Heart Glass"},"content":{"rendered":"<p class=\"p1\">Sfe\u0219nicul Heart Glass LED este realizat din sticl\u0103 texturat\u0103, cu un decorativ \u00een form\u0103 de inim\u0103 \u00een centru. Iluminarea LED \u00eencorporat\u0103 intensific\u0103 profunzimea culorii \u0219i creeaz\u0103 o str\u0103lucire delicat\u0103. Este potrivit pentru decorul de iarn\u0103, pentru decorarea mesei de Anul Nou sau pentru iluminatul confortabil de sear\u0103.  <\/p>\n","protected":false},"excerpt":{"rendered":"<p class=\"p1\">Sfe\u0219nic din sticl\u0103 cu inim\u0103 \u00een relief \u0219i iluminare LED. Un accent spectaculos pentru decorul festiv \u0219i romantic. <\/p>\n","protected":false},"featured_media":9999,"template":"","meta":[],"product_brand":[],"product_cat":[237,808],"product_tag":[],"class_list":{"0":"post-7427","1":"product","2":"type-product","3":"status-publish","4":"has-post-thumbnail","6":"product_cat-dekor-dlya-doma","7":"product_cat-svechi-i-podsvechniki","8":"pa_brand-andrea-fontebasso","9":"pa_color-red","10":"pa_material-596","11":"pa_size--16-","12":"pa_-u-led","14":"first","15":"instock","16":"shipping-taxable","17":"purchasable","18":"product-type-simple"},"_links":{"self":[{"href":"https:\/\/moi-dom.md\/ro\/wp-json\/wp\/v2\/product\/7427","targetHints":{"allow":["GET"]}}],"collection":[{"href":"https:\/\/moi-dom.md\/ro\/wp-json\/wp\/v2\/product"}],"about":[{"href":"https:\/\/moi-dom.md\/ro\/wp-json\/wp\/v2\/types\/product"}],"version-history":[{"count":1,"href":"https:\/\/moi-dom.md\/ro\/wp-json\/wp\/v2\/product\/7427\/revisions"}],"predecessor-version":[{"id":10001,"href":"https:\/\/moi-dom.md\/ro\/wp-json\/wp\/v2\/product\/7427\/revisions\/10001"}],"wp:featuredmedia":[{"embeddable":true,"href":"https:\/\/moi-dom.md\/ro\/wp-json\/wp\/v2\/media\/9999"}],"wp:attachment":[{"href":"https:\/\/moi-dom.md\/ro\/wp-json\/wp\/v2\/media?parent=7427"}],"wp:term":[{"taxonomy":"product_brand","embeddable":true,"href":"https:\/\/moi-dom.md\/ro\/wp-json\/wp\/v2\/product_brand?post=7427"},{"taxonomy":"product_cat","embeddable":true,"href":"https:\/\/moi-dom.md\/ro\/wp-json\/wp\/v2\/product_cat?post=7427"},{"taxonomy":"product_tag","embeddable":true,"href":"https:\/\/moi-dom.md\/ro\/wp-json\/wp\/v2\/product_tag?post=7427"}],"curies":[{"name":"wp","href":"https:\/\/api.w.org\/{rel}","templated":true}]}}