{"id":7240,"date":"2025-11-29T22:11:53","date_gmt":"2025-11-29T22:11:53","guid":{"rendered":"https:\/\/moi-dom.md\/product\/baza-de-sticla\/"},"modified":"2026-02-15T17:39:24","modified_gmt":"2026-02-15T14:39:24","slug":"baza-de-sticla","status":"publish","type":"product","link":"https:\/\/moi-dom.md\/ro\/produs\/baza-de-sticla\/","title":{"rendered":"Sfe\u0219nic Classic"},"content":{"rendered":"<p class=\"p1\">Sfe\u0219nicul Classic este un element universal, care adaug\u0103 o senza\u021bie de confort \u201ecurat\u201d, f\u0103r\u0103 zgomot inutil. Textura transparent\u0103 \u0219i muchiile reflect\u0103 frumos lumina lum\u00e2n\u0103rii \u0219i completeaz\u0103 compozi\u021biile de pe mas\u0103, consol\u0103 sau din baie. Ideal pentru minimalism, stil clasic \u0219i interior modern.  <\/p>\n","protected":false},"excerpt":{"rendered":"<p class=\"p1\">Sfe\u0219nic transparent cu margini clasice \u2014 un accent discret pentru servire \u0219i decor. Capteaz\u0103 frumos lumina \u0219i se potrive\u0219te oric\u0103rui stil. <\/p>\n","protected":false},"featured_media":7392,"template":"","meta":[],"product_brand":[],"product_cat":[247,809],"product_tag":[],"class_list":{"0":"post-7240","1":"product","2":"type-product","3":"status-publish","4":"has-post-thumbnail","6":"product_cat-decor-pentru-casa","7":"product_cat-sfesnice-si-lumanari","8":"pa_brand-edg-enzo-de-gasperi","9":"pa_color-transparent","10":"pa_material-sticla","11":"pa_size-o88x118-cm","13":"first","14":"instock","15":"shipping-taxable","16":"purchasable","17":"product-type-simple"},"_links":{"self":[{"href":"https:\/\/moi-dom.md\/ro\/wp-json\/wp\/v2\/product\/7240","targetHints":{"allow":["GET"]}}],"collection":[{"href":"https:\/\/moi-dom.md\/ro\/wp-json\/wp\/v2\/product"}],"about":[{"href":"https:\/\/moi-dom.md\/ro\/wp-json\/wp\/v2\/types\/product"}],"version-history":[{"count":3,"href":"https:\/\/moi-dom.md\/ro\/wp-json\/wp\/v2\/product\/7240\/revisions"}],"predecessor-version":[{"id":9965,"href":"https:\/\/moi-dom.md\/ro\/wp-json\/wp\/v2\/product\/7240\/revisions\/9965"}],"wp:featuredmedia":[{"embeddable":true,"href":"https:\/\/moi-dom.md\/ro\/wp-json\/wp\/v2\/media\/7392"}],"wp:attachment":[{"href":"https:\/\/moi-dom.md\/ro\/wp-json\/wp\/v2\/media?parent=7240"}],"wp:term":[{"taxonomy":"product_brand","embeddable":true,"href":"https:\/\/moi-dom.md\/ro\/wp-json\/wp\/v2\/product_brand?post=7240"},{"taxonomy":"product_cat","embeddable":true,"href":"https:\/\/moi-dom.md\/ro\/wp-json\/wp\/v2\/product_cat?post=7240"},{"taxonomy":"product_tag","embeddable":true,"href":"https:\/\/moi-dom.md\/ro\/wp-json\/wp\/v2\/product_tag?post=7240"}],"curies":[{"name":"wp","href":"https:\/\/api.w.org\/{rel}","templated":true}]}}