{"id":7236,"date":"2025-11-29T22:11:53","date_gmt":"2025-11-29T22:11:53","guid":{"rendered":"https:\/\/moi-dom.md\/product\/vaza\/"},"modified":"2026-02-10T16:39:31","modified_gmt":"2026-02-10T13:39:31","slug":"vaza","status":"publish","type":"product","link":"https:\/\/moi-dom.md\/ro\/produs\/vaza\/","title":{"rendered":"Vaza Amphora cu funde ro\u0219ii"},"content":{"rendered":"<p>Vaz\u0103 ceramic\u0103 \u00een form\u0103 de amfor\u0103, cu decor contrastant \u0219i finisaj lucios. Un accent luminos pentru interior, deosebit de efectuos \u00een decorul festiv. Potrivit\u0103 pentru flori \u0219i ca element decorativ independent.  <\/p>\n","protected":false},"excerpt":{"rendered":"<p>Vaz\u0103 decorativ\u0103 din ceramic\u0103 \u00een form\u0103 de amfor\u0103, cu funde ro\u0219ii expresive.<\/p>\n","protected":false},"featured_media":7237,"template":"","meta":[],"product_brand":[],"product_cat":[247,676],"product_tag":[],"class_list":{"0":"post-7236","1":"product","2":"type-product","3":"status-publish","4":"has-post-thumbnail","6":"product_cat-decor-pentru-casa","7":"product_cat-vaze","8":"pa_brand-edg-enzo-de-gasperi","9":"pa_color-white","10":"pa_color-black","11":"pa_color-red","12":"pa_material-ceramica","13":"pa_shape-amfora","14":"pa_size-o15x22-cm","16":"first","17":"instock","18":"shipping-taxable","19":"purchasable","20":"product-type-simple"},"_links":{"self":[{"href":"https:\/\/moi-dom.md\/ro\/wp-json\/wp\/v2\/product\/7236","targetHints":{"allow":["GET"]}}],"collection":[{"href":"https:\/\/moi-dom.md\/ro\/wp-json\/wp\/v2\/product"}],"about":[{"href":"https:\/\/moi-dom.md\/ro\/wp-json\/wp\/v2\/types\/product"}],"version-history":[{"count":2,"href":"https:\/\/moi-dom.md\/ro\/wp-json\/wp\/v2\/product\/7236\/revisions"}],"predecessor-version":[{"id":9199,"href":"https:\/\/moi-dom.md\/ro\/wp-json\/wp\/v2\/product\/7236\/revisions\/9199"}],"wp:featuredmedia":[{"embeddable":true,"href":"https:\/\/moi-dom.md\/ro\/wp-json\/wp\/v2\/media\/7237"}],"wp:attachment":[{"href":"https:\/\/moi-dom.md\/ro\/wp-json\/wp\/v2\/media?parent=7236"}],"wp:term":[{"taxonomy":"product_brand","embeddable":true,"href":"https:\/\/moi-dom.md\/ro\/wp-json\/wp\/v2\/product_brand?post=7236"},{"taxonomy":"product_cat","embeddable":true,"href":"https:\/\/moi-dom.md\/ro\/wp-json\/wp\/v2\/product_cat?post=7236"},{"taxonomy":"product_tag","embeddable":true,"href":"https:\/\/moi-dom.md\/ro\/wp-json\/wp\/v2\/product_tag?post=7236"}],"curies":[{"name":"wp","href":"https:\/\/api.w.org\/{rel}","templated":true}]}}