{"id":7235,"date":"2025-11-29T22:11:53","date_gmt":"2025-11-29T22:11:53","guid":{"rendered":"https:\/\/moi-dom.md\/product\/pisica-decorativa\/"},"modified":"2026-02-15T20:48:11","modified_gmt":"2026-02-15T17:48:11","slug":"pisica-decorativa","status":"publish","type":"product","link":"https:\/\/moi-dom.md\/ro\/produs\/pisica-decorativa\/","title":{"rendered":"Pisic\u0103 decorativ\u0103"},"content":{"rendered":"<p class=\"p1\">Pisica decorativ\u0103 \u00een pulover cu dungi creeaz\u0103 o atmosfer\u0103 confortabil\u0103 \u0219i festiv\u0103. Este potrivit\u0103 pentru decorarea sufrageriei, camerei copiilor sau vitrinei de Anul Nou. Datorit\u0103 detaliilor minu\u021bioase \u0219i aspectului bl\u00e2nd, devine un accent sezonier expresiv \u00een interior.  <\/p>\n","protected":false},"excerpt":{"rendered":"<p class=\"p1\">Figurin\u0103 decorativ\u0103 cu un pisoi \u00eembr\u0103cat \u00eentr-un pulover de Cr\u0103ciun. Un accent cald pentru interiorul festiv \u0219i compozi\u021biile de Anul Nou. <\/p>\n","protected":false},"featured_media":7238,"template":"","meta":[],"product_brand":[],"product_cat":[247,246],"product_tag":[],"class_list":{"0":"post-7235","1":"product","2":"type-product","3":"status-publish","4":"has-post-thumbnail","6":"product_cat-decor-pentru-casa","7":"product_cat-elemente-decorative","8":"pa_brand-edg-enzo-de-gasperi","9":"pa_color-multicolor","10":"pa_material-755","11":"pa_size-35x12x18-cm","13":"first","14":"instock","15":"shipping-taxable","16":"purchasable","17":"product-type-simple"},"_links":{"self":[{"href":"https:\/\/moi-dom.md\/ro\/wp-json\/wp\/v2\/product\/7235","targetHints":{"allow":["GET"]}}],"collection":[{"href":"https:\/\/moi-dom.md\/ro\/wp-json\/wp\/v2\/product"}],"about":[{"href":"https:\/\/moi-dom.md\/ro\/wp-json\/wp\/v2\/types\/product"}],"version-history":[{"count":1,"href":"https:\/\/moi-dom.md\/ro\/wp-json\/wp\/v2\/product\/7235\/revisions"}],"predecessor-version":[{"id":10016,"href":"https:\/\/moi-dom.md\/ro\/wp-json\/wp\/v2\/product\/7235\/revisions\/10016"}],"wp:featuredmedia":[{"embeddable":true,"href":"https:\/\/moi-dom.md\/ro\/wp-json\/wp\/v2\/media\/7238"}],"wp:attachment":[{"href":"https:\/\/moi-dom.md\/ro\/wp-json\/wp\/v2\/media?parent=7235"}],"wp:term":[{"taxonomy":"product_brand","embeddable":true,"href":"https:\/\/moi-dom.md\/ro\/wp-json\/wp\/v2\/product_brand?post=7235"},{"taxonomy":"product_cat","embeddable":true,"href":"https:\/\/moi-dom.md\/ro\/wp-json\/wp\/v2\/product_cat?post=7235"},{"taxonomy":"product_tag","embeddable":true,"href":"https:\/\/moi-dom.md\/ro\/wp-json\/wp\/v2\/product_tag?post=7235"}],"curies":[{"name":"wp","href":"https:\/\/api.w.org\/{rel}","templated":true}]}}