{"id":672,"date":"2025-10-24T06:24:09","date_gmt":"2025-10-24T06:24:09","guid":{"rendered":"https:\/\/lavender-chamois-573308.hostingersite.com\/product\/olita-pentru-copii\/"},"modified":"2025-11-21T08:40:17","modified_gmt":"2025-11-21T08:40:17","slug":"olita-pentru-copii","status":"publish","type":"product","link":"https:\/\/moi-dom.md\/ro\/produs\/olita-pentru-copii\/","title":{"rendered":"Oli\u021b\u0103 pentru copii"},"content":{"rendered":"","protected":false},"excerpt":{"rendered":"<p><strong data-start=\"0\" data-end=\"18\" data-is-only-node=\"\">Oli\u021ba<\/strong> este un accesoriu convenabil \u0219i sigur pentru a v\u0103 \u00eenv\u0103\u021ba copilul s\u0103 fie independent. Fabricat din plastic durabil, hipoalergenic, u\u0219or de cur\u0103\u021bat \u0219i nu absoarbe mirosurile. Forma ergonomic\u0103 \u0219i baza stabil\u0103 asigur\u0103 confortul \u0219i siguran\u021ba copilului dvs. \u00een timpul utiliz\u0103rii. Potrivit pentru copiii care \u00eencep s\u0103 dob\u00e2ndeasc\u0103 abilit\u0103\u021bi de igien\u0103.<\/p>\n","protected":false},"featured_media":675,"template":"","meta":[],"product_brand":[],"product_cat":[15],"product_tag":[],"class_list":{"0":"post-672","1":"product","2":"type-product","3":"status-publish","4":"has-post-thumbnail","6":"product_cat-predmety-dlea-vannoi-i-sanuzla","8":"first","9":"instock","10":"shipping-taxable","11":"purchasable","12":"product-type-variable"},"_links":{"self":[{"href":"https:\/\/moi-dom.md\/ro\/wp-json\/wp\/v2\/product\/672","targetHints":{"allow":["GET"]}}],"collection":[{"href":"https:\/\/moi-dom.md\/ro\/wp-json\/wp\/v2\/product"}],"about":[{"href":"https:\/\/moi-dom.md\/ro\/wp-json\/wp\/v2\/types\/product"}],"version-history":[{"count":0,"href":"https:\/\/moi-dom.md\/ro\/wp-json\/wp\/v2\/product\/672\/revisions"}],"wp:featuredmedia":[{"embeddable":true,"href":"https:\/\/moi-dom.md\/ro\/wp-json\/wp\/v2\/media\/675"}],"wp:attachment":[{"href":"https:\/\/moi-dom.md\/ro\/wp-json\/wp\/v2\/media?parent=672"}],"wp:term":[{"taxonomy":"product_brand","embeddable":true,"href":"https:\/\/moi-dom.md\/ro\/wp-json\/wp\/v2\/product_brand?post=672"},{"taxonomy":"product_cat","embeddable":true,"href":"https:\/\/moi-dom.md\/ro\/wp-json\/wp\/v2\/product_cat?post=672"},{"taxonomy":"product_tag","embeddable":true,"href":"https:\/\/moi-dom.md\/ro\/wp-json\/wp\/v2\/product_tag?post=672"}],"curies":[{"name":"wp","href":"https:\/\/api.w.org\/{rel}","templated":true}]}}