{"id":5249,"date":"2025-11-18T15:48:09","date_gmt":"2025-11-18T15:48:09","guid":{"rendered":"https:\/\/moi-dom.md\/product\/comoda-din-plastic-cu-4-sertare\/"},"modified":"2025-12-03T15:31:13","modified_gmt":"2025-12-03T15:31:13","slug":"comoda-din-plastic-cu-4-sertare","status":"publish","type":"product","link":"https:\/\/moi-dom.md\/ro\/produs\/comoda-din-plastic-cu-4-sertare\/","title":{"rendered":"Comod\u0103 din plastic cu 4 sertare"},"content":{"rendered":"<p>Comoda din plastic cu 4 sertare este un mobilier de depozitare func\u021bional \u0219i elegant, cu un design modern. Datorit\u0103 construc\u021biei robuste \u0219i sertarelor spa\u021bioase, este ideal\u0103 pentru organizarea spa\u021biului din cas\u0103: depozita\u021bi haine, lenjerie, juc\u0103rii, accesorii sau fleacuri de uz casnic.<br \/>\nAceast\u0103 comod\u0103 din plastic combin\u0103 caracterul practic \u0219i esteticul. Este u\u0219oar\u0103, stabil\u0103 \u0219i rezistent\u0103 la umiditate, astfel \u00eenc\u00e2t poate fi utilizat\u0103 nu numai \u00een dormitor sau dressing, ci \u0219i \u00een baie. Fronturile cu textur\u0103 de ratan confer\u0103 comodei un aspect natural, confortabil, care se integreaz\u0103 \u00een orice interior.   Demensiune: 91\u044538\u044547 sm.<\/p>\n","protected":false},"excerpt":{"rendered":"<p>Comoda din plastic cu 4 sertare &#8211; ideal\u0103 pentru depozitarea hainelor, lenjeriei \u0219i a obiectelor mici. U\u0219oar\u0103, durabil\u0103 \u0219i practic\u0103, este potrivit\u0103 pentru baie, dormitor, camera copilului sau dressing. Designul versatil \u0219i calitatea fiabil\u0103 fac din aceast\u0103 comod\u0103 o alegere excelent\u0103 pentru orice interior.  <\/p>\n","protected":false},"featured_media":8167,"template":"","meta":[],"product_brand":[],"product_cat":[198],"product_tag":[],"class_list":{"0":"post-5249","1":"product","2":"type-product","3":"status-publish","4":"has-post-thumbnail","6":"product_cat-hranenie-i-organizatia-prostranstva","8":"first","9":"instock","10":"shipping-taxable","11":"purchasable","12":"product-type-simple"},"_links":{"self":[{"href":"https:\/\/moi-dom.md\/ro\/wp-json\/wp\/v2\/product\/5249","targetHints":{"allow":["GET"]}}],"collection":[{"href":"https:\/\/moi-dom.md\/ro\/wp-json\/wp\/v2\/product"}],"about":[{"href":"https:\/\/moi-dom.md\/ro\/wp-json\/wp\/v2\/types\/product"}],"version-history":[{"count":1,"href":"https:\/\/moi-dom.md\/ro\/wp-json\/wp\/v2\/product\/5249\/revisions"}],"predecessor-version":[{"id":8196,"href":"https:\/\/moi-dom.md\/ro\/wp-json\/wp\/v2\/product\/5249\/revisions\/8196"}],"wp:featuredmedia":[{"embeddable":true,"href":"https:\/\/moi-dom.md\/ro\/wp-json\/wp\/v2\/media\/8167"}],"wp:attachment":[{"href":"https:\/\/moi-dom.md\/ro\/wp-json\/wp\/v2\/media?parent=5249"}],"wp:term":[{"taxonomy":"product_brand","embeddable":true,"href":"https:\/\/moi-dom.md\/ro\/wp-json\/wp\/v2\/product_brand?post=5249"},{"taxonomy":"product_cat","embeddable":true,"href":"https:\/\/moi-dom.md\/ro\/wp-json\/wp\/v2\/product_cat?post=5249"},{"taxonomy":"product_tag","embeddable":true,"href":"https:\/\/moi-dom.md\/ro\/wp-json\/wp\/v2\/product_tag?post=5249"}],"curies":[{"name":"wp","href":"https:\/\/api.w.org\/{rel}","templated":true}]}}