{"id":5240,"date":"2025-11-18T15:48:10","date_gmt":"2025-11-18T15:48:10","guid":{"rendered":"https:\/\/moi-dom.md\/product\/mini-comoda-din-plastic-cu-3-sertare-2\/"},"modified":"2025-11-25T16:36:11","modified_gmt":"2025-11-25T16:36:11","slug":"mini-comoda-din-plastic-cu-3-sertare-2","status":"publish","type":"product","link":"https:\/\/moi-dom.md\/ro\/produs\/mini-comoda-din-plastic-cu-3-sertare-2\/","title":{"rendered":"Mini comod\u0103 din plastic cu 3 sertare"},"content":{"rendered":"<p>Mini comod\u0103 din plastic cu 3 sertare transparente este partenerul perfect pentru depozitarea ordonat\u0103 a lucrurilor mici acas\u0103 sau la birou. Datorit\u0103 dimensiunilor sale compacte \u0219i greut\u0103\u021bii reduse, se potrive\u0219te cu u\u0219urin\u021b\u0103 pe o mas\u0103, pe un raft sau \u00eentr-un dulap. Sertarele transparente v\u0103 permit s\u0103 g\u0103si\u021bi rapid ceea ce ave\u021bi nevoie f\u0103r\u0103 a fi nevoie s\u0103 le deschide\u021bi pe fiecare \u00een parte.<br \/>\nCorpul este fabricat din plastic durabil, rezistent la umiditate \u0219i la deterior\u0103ri mecanice. Cuf\u0103rul cu sertare poate fi folosit pentru a depozita cosmetice, bijuterii, papet\u0103rie, accesorii de cusut, consumabile de farmacie \u0219i fleacuri de uz casnic.  Dimensiuni: 35x26x22 cm.<\/p>\n","protected":false},"excerpt":{"rendered":"<p>Mini comod\u0103 din plastic cu 3 sertare transparente este o solu\u021bie convenabil\u0103 pentru depozitarea obiectelor mici, cosmetice, papet\u0103rie \u0219i accesorii. Compact\u0103, robust\u0103 \u0219i u\u0219oar\u0103, v\u0103 ajut\u0103 s\u0103 v\u0103 p\u0103stra\u021bi biroul, baia sau dulapul ordonate. Designul versatil se va potrivi oric\u0103rui interior.  <\/p>\n","protected":false},"featured_media":6274,"template":"","meta":[],"product_brand":[],"product_cat":[199],"product_tag":[],"class_list":{"0":"post-5240","1":"product","2":"type-product","3":"status-publish","4":"has-post-thumbnail","6":"product_cat-depozitarea-si-organizarea-spatiului","7":"pa_color-white","8":"pa_color-grey","9":"pa_color-black","11":"first","12":"instock","13":"shipping-taxable","14":"purchasable","15":"product-type-variable"},"_links":{"self":[{"href":"https:\/\/moi-dom.md\/ro\/wp-json\/wp\/v2\/product\/5240","targetHints":{"allow":["GET"]}}],"collection":[{"href":"https:\/\/moi-dom.md\/ro\/wp-json\/wp\/v2\/product"}],"about":[{"href":"https:\/\/moi-dom.md\/ro\/wp-json\/wp\/v2\/types\/product"}],"version-history":[{"count":1,"href":"https:\/\/moi-dom.md\/ro\/wp-json\/wp\/v2\/product\/5240\/revisions"}],"predecessor-version":[{"id":6282,"href":"https:\/\/moi-dom.md\/ro\/wp-json\/wp\/v2\/product\/5240\/revisions\/6282"}],"wp:featuredmedia":[{"embeddable":true,"href":"https:\/\/moi-dom.md\/ro\/wp-json\/wp\/v2\/media\/6274"}],"wp:attachment":[{"href":"https:\/\/moi-dom.md\/ro\/wp-json\/wp\/v2\/media?parent=5240"}],"wp:term":[{"taxonomy":"product_brand","embeddable":true,"href":"https:\/\/moi-dom.md\/ro\/wp-json\/wp\/v2\/product_brand?post=5240"},{"taxonomy":"product_cat","embeddable":true,"href":"https:\/\/moi-dom.md\/ro\/wp-json\/wp\/v2\/product_cat?post=5240"},{"taxonomy":"product_tag","embeddable":true,"href":"https:\/\/moi-dom.md\/ro\/wp-json\/wp\/v2\/product_tag?post=5240"}],"curies":[{"name":"wp","href":"https:\/\/api.w.org\/{rel}","templated":true}]}}