{"id":5219,"date":"2025-11-18T15:48:10","date_gmt":"2025-11-18T15:48:10","guid":{"rendered":"https:\/\/moi-dom.md\/product\/cos-cu-capac-6\/"},"modified":"2025-12-03T15:28:08","modified_gmt":"2025-12-03T15:28:08","slug":"cos-cu-capac-6","status":"publish","type":"product","link":"https:\/\/moi-dom.md\/ro\/produs\/cos-cu-capac-6\/","title":{"rendered":"Co\u0219 cu capac (18l)"},"content":{"rendered":"<p>Co\u0219ul din plastic cu capac este un accesoriu de depozitare convenabil \u0219i versatil pentru cas\u0103. Este fabricat din plastic durabil \u0219i sigur, rezistent la umiditate \u0219i u\u0219or de cur\u0103\u021bat. Datorit\u0103 designului s\u0103u elegant, co\u0219ul se va potrivi armonios \u00een orice interior &#8211; de la baie la camera de zi.<br \/>\nCapacul protejeaz\u0103 con\u021binutul de praf, iar m\u00e2nerele laterale convenabile \u00eel fac u\u0219or de transportat. Co\u0219ul este ideal pentru depozitarea lenjeriei, hainelor, juc\u0103riilor, cosmeticelor, articolelor de uz casnic \u0219i a altor obiecte mici.  Demensiune: 42,5\u044529\u044519,5 \u0441\u043c.<\/p>\n","protected":false},"excerpt":{"rendered":"<p>Co\u0219ul din plastic cu capac este o solu\u021bie practic\u0103 pentru depozitarea lucrurilor, juc\u0103riilor, rufelor \u0219i accesoriilor. U\u0219or, durabil \u0219i elegant, v\u0103 ajut\u0103 s\u0103 v\u0103 p\u0103stra\u021bi casa ordonat\u0103. Potrivit pentru dormitor, baie, gr\u0103dini\u021b\u0103 sau dressing.  <\/p>\n","protected":false},"featured_media":5283,"template":"","meta":[],"product_brand":[],"product_cat":[199],"product_tag":[],"class_list":{"0":"post-5219","1":"product","2":"type-product","3":"status-publish","4":"has-post-thumbnail","6":"product_cat-depozitarea-si-organizarea-spatiului","7":"pa_color-white","8":"pa_color-beige","9":"pa_color-brown","11":"first","12":"instock","13":"shipping-taxable","14":"purchasable","15":"product-type-variable"},"_links":{"self":[{"href":"https:\/\/moi-dom.md\/ro\/wp-json\/wp\/v2\/product\/5219","targetHints":{"allow":["GET"]}}],"collection":[{"href":"https:\/\/moi-dom.md\/ro\/wp-json\/wp\/v2\/product"}],"about":[{"href":"https:\/\/moi-dom.md\/ro\/wp-json\/wp\/v2\/types\/product"}],"version-history":[{"count":1,"href":"https:\/\/moi-dom.md\/ro\/wp-json\/wp\/v2\/product\/5219\/revisions"}],"predecessor-version":[{"id":8193,"href":"https:\/\/moi-dom.md\/ro\/wp-json\/wp\/v2\/product\/5219\/revisions\/8193"}],"wp:featuredmedia":[{"embeddable":true,"href":"https:\/\/moi-dom.md\/ro\/wp-json\/wp\/v2\/media\/5283"}],"wp:attachment":[{"href":"https:\/\/moi-dom.md\/ro\/wp-json\/wp\/v2\/media?parent=5219"}],"wp:term":[{"taxonomy":"product_brand","embeddable":true,"href":"https:\/\/moi-dom.md\/ro\/wp-json\/wp\/v2\/product_brand?post=5219"},{"taxonomy":"product_cat","embeddable":true,"href":"https:\/\/moi-dom.md\/ro\/wp-json\/wp\/v2\/product_cat?post=5219"},{"taxonomy":"product_tag","embeddable":true,"href":"https:\/\/moi-dom.md\/ro\/wp-json\/wp\/v2\/product_tag?post=5219"}],"curies":[{"name":"wp","href":"https:\/\/api.w.org\/{rel}","templated":true}]}}