{"id":5188,"date":"2025-11-18T15:48:11","date_gmt":"2025-11-18T15:48:11","guid":{"rendered":"https:\/\/moi-dom.md\/product\/cos-3\/"},"modified":"2025-11-18T15:55:12","modified_gmt":"2025-11-18T15:55:12","slug":"cos-3","status":"publish","type":"product","link":"https:\/\/moi-dom.md\/ro\/produs\/cos-3\/","title":{"rendered":"Co\u0219"},"content":{"rendered":"<p>Co\u0219ul din plastic este un recipient compact \u0219i la \u00eendem\u00e2n\u0103 pentru depozitarea ordonat\u0103 a obiectelor mici. Este ideal pentru organizarea cosmeticelor, accesoriilor, papet\u0103riei, articolelor de uz casnic \u0219i a altor articole mici \u00eentr-un dulap, raft, sertar sau baie.<br \/>\nFabricat din plastic durabil \u0219i u\u0219or, rezistent la umiditate \u0219i u\u0219or de cur\u0103\u021bat. Designul laconic \u00een relief confer\u0103 co\u0219ului un aspect \u00eengrijit \u0219i modern, permi\u021b\u00e2ndu-i s\u0103 fie folosit \u00een orice interior.  Dimensiuni: 25x20x6 cm.<\/p>\n","protected":false},"excerpt":{"rendered":"<p>Co\u0219ul din plastic f\u0103r\u0103 capac este un recipient u\u0219or \u0219i durabil pentru depozitarea cosmeticelor \u0219i a obiectelor mici. Designul s\u0103u elegant \u00eel face ideal pentru a v\u0103 men\u021bine casa ordonat\u0103. <\/p>\n","protected":false},"featured_media":5326,"template":"","meta":[],"product_brand":[],"product_cat":[198],"product_tag":[],"class_list":{"0":"post-5188","1":"product","2":"type-product","3":"status-publish","4":"has-post-thumbnail","6":"product_cat-hranenie-i-organizatia-prostranstva","8":"first","9":"instock","10":"shipping-taxable","11":"purchasable","12":"product-type-simple"},"_links":{"self":[{"href":"https:\/\/moi-dom.md\/ro\/wp-json\/wp\/v2\/product\/5188","targetHints":{"allow":["GET"]}}],"collection":[{"href":"https:\/\/moi-dom.md\/ro\/wp-json\/wp\/v2\/product"}],"about":[{"href":"https:\/\/moi-dom.md\/ro\/wp-json\/wp\/v2\/types\/product"}],"version-history":[{"count":1,"href":"https:\/\/moi-dom.md\/ro\/wp-json\/wp\/v2\/product\/5188\/revisions"}],"predecessor-version":[{"id":5329,"href":"https:\/\/moi-dom.md\/ro\/wp-json\/wp\/v2\/product\/5188\/revisions\/5329"}],"wp:featuredmedia":[{"embeddable":true,"href":"https:\/\/moi-dom.md\/ro\/wp-json\/wp\/v2\/media\/5326"}],"wp:attachment":[{"href":"https:\/\/moi-dom.md\/ro\/wp-json\/wp\/v2\/media?parent=5188"}],"wp:term":[{"taxonomy":"product_brand","embeddable":true,"href":"https:\/\/moi-dom.md\/ro\/wp-json\/wp\/v2\/product_brand?post=5188"},{"taxonomy":"product_cat","embeddable":true,"href":"https:\/\/moi-dom.md\/ro\/wp-json\/wp\/v2\/product_cat?post=5188"},{"taxonomy":"product_tag","embeddable":true,"href":"https:\/\/moi-dom.md\/ro\/wp-json\/wp\/v2\/product_tag?post=5188"}],"curies":[{"name":"wp","href":"https:\/\/api.w.org\/{rel}","templated":true}]}}