{"id":5186,"date":"2025-11-18T15:48:40","date_gmt":"2025-11-18T15:48:40","guid":{"rendered":"https:\/\/moi-dom.md\/product\/raft-pentru-pantofi\/"},"modified":"2025-12-08T12:29:54","modified_gmt":"2025-12-08T12:29:54","slug":"raft-pentru-pantofi","status":"publish","type":"product","link":"https:\/\/moi-dom.md\/ro\/produs\/raft-pentru-pantofi\/","title":{"rendered":"Raft pentru pantofi"},"content":{"rendered":"<p>Raftul din plastic pentru pantofi este un accesoriu practic pentru depozitarea \u00eengrijit\u0103 a pantofilor acas\u0103. Datorit\u0103 construc\u021biei sale u\u0219oare \u0219i robuste, raftul poate rezista utiliz\u0103rii zilnice \u0219i este potrivit pentru adida\u0219i, pantofi, papuci \u0219i alte \u00eenc\u0103l\u021b\u0103minte.<br \/>\nRaftul este u\u0219or de asamblat, nu necesit\u0103 unelte \u0219i este rezistent la umiditate \u0219i murd\u0103rie, ceea ce \u00eel face ideal pentru instalarea \u00eentr-un hol, vestiar sau balcon. U\u0219or de cur\u0103\u021bat &#8211; pur \u0219i simplu \u0219terge\u021bi cu o c\u00e2rp\u0103 umed\u0103. <\/p>\n","protected":false},"excerpt":{"rendered":"<p>Suportul de pantofi din plastic este o solu\u021bie convenabil\u0103 \u0219i compact\u0103 pentru depozitarea pantofilor acas\u0103. Designul u\u0219or, durabil \u0219i stabil v\u0103 ajut\u0103 s\u0103 p\u0103stra\u021bi holul sau vestiarul ordonat. U\u0219or de asamblat \u0219i cur\u0103\u021bat.  <\/p>\n","protected":false},"featured_media":5289,"template":"","meta":[],"product_brand":[],"product_cat":[199],"product_tag":[],"class_list":{"0":"post-5186","1":"product","2":"type-product","3":"status-publish","4":"has-post-thumbnail","6":"product_cat-depozitarea-si-organizarea-spatiului","8":"first","9":"instock","10":"shipping-taxable","11":"purchasable","12":"product-type-simple"},"_links":{"self":[{"href":"https:\/\/moi-dom.md\/ro\/wp-json\/wp\/v2\/product\/5186","targetHints":{"allow":["GET"]}}],"collection":[{"href":"https:\/\/moi-dom.md\/ro\/wp-json\/wp\/v2\/product"}],"about":[{"href":"https:\/\/moi-dom.md\/ro\/wp-json\/wp\/v2\/types\/product"}],"version-history":[{"count":1,"href":"https:\/\/moi-dom.md\/ro\/wp-json\/wp\/v2\/product\/5186\/revisions"}],"predecessor-version":[{"id":8191,"href":"https:\/\/moi-dom.md\/ro\/wp-json\/wp\/v2\/product\/5186\/revisions\/8191"}],"wp:featuredmedia":[{"embeddable":true,"href":"https:\/\/moi-dom.md\/ro\/wp-json\/wp\/v2\/media\/5289"}],"wp:attachment":[{"href":"https:\/\/moi-dom.md\/ro\/wp-json\/wp\/v2\/media?parent=5186"}],"wp:term":[{"taxonomy":"product_brand","embeddable":true,"href":"https:\/\/moi-dom.md\/ro\/wp-json\/wp\/v2\/product_brand?post=5186"},{"taxonomy":"product_cat","embeddable":true,"href":"https:\/\/moi-dom.md\/ro\/wp-json\/wp\/v2\/product_cat?post=5186"},{"taxonomy":"product_tag","embeddable":true,"href":"https:\/\/moi-dom.md\/ro\/wp-json\/wp\/v2\/product_tag?post=5186"}],"curies":[{"name":"wp","href":"https:\/\/api.w.org\/{rel}","templated":true}]}}