{"id":5180,"date":"2025-11-18T15:48:12","date_gmt":"2025-11-18T15:48:12","guid":{"rendered":"https:\/\/moi-dom.md\/product\/cos\/"},"modified":"2025-12-03T15:23:50","modified_gmt":"2025-12-03T15:23:50","slug":"cos","status":"publish","type":"product","link":"https:\/\/moi-dom.md\/ro\/produs\/cos\/","title":{"rendered":"Co\u0219 (2,5 litri)"},"content":{"rendered":"<p>Co\u0219ul din plastic este un recipient compact \u0219i la \u00eendem\u00e2n\u0103 pentru depozitarea ordonat\u0103 a obiectelor mici. Este ideal pentru organizarea cosmeticelor, accesoriilor, papet\u0103riei, articolelor de uz casnic \u0219i a altor articole mici \u00eentr-un dulap, raft, sertar sau baie.<br \/>\nFabricat din plastic durabil \u0219i u\u0219or, rezistent la umiditate \u0219i u\u0219or de cur\u0103\u021bat. Designul laconic \u00een relief confer\u0103 co\u0219ului un aspect \u00eengrijit \u0219i modern, permi\u021b\u00e2ndu-i s\u0103 fie folosit \u00een orice interior.  Dimensiune: 34x26x6.5cm.<\/p>\n","protected":false},"excerpt":{"rendered":"<p>Co\u0219ul din plastic f\u0103r\u0103 capac este un recipient u\u0219or \u0219i durabil pentru depozitarea cosmeticelor \u0219i a obiectelor mici. Designul s\u0103u elegant \u00eel face ideal pentru a v\u0103 men\u021bine casa ordonat\u0103. <\/p>\n","protected":false},"featured_media":6127,"template":"","meta":[],"product_brand":[],"product_cat":[198],"product_tag":[],"class_list":{"0":"post-5180","1":"product","2":"type-product","3":"status-publish","4":"has-post-thumbnail","6":"product_cat-hranenie-i-organizatia-prostranstva","7":"pa_color-white","8":"pa_color-beige","9":"pa_color-violet","11":"first","12":"instock","13":"shipping-taxable","14":"purchasable","15":"product-type-variable"},"_links":{"self":[{"href":"https:\/\/moi-dom.md\/ro\/wp-json\/wp\/v2\/product\/5180","targetHints":{"allow":["GET"]}}],"collection":[{"href":"https:\/\/moi-dom.md\/ro\/wp-json\/wp\/v2\/product"}],"about":[{"href":"https:\/\/moi-dom.md\/ro\/wp-json\/wp\/v2\/types\/product"}],"version-history":[{"count":1,"href":"https:\/\/moi-dom.md\/ro\/wp-json\/wp\/v2\/product\/5180\/revisions"}],"predecessor-version":[{"id":6130,"href":"https:\/\/moi-dom.md\/ro\/wp-json\/wp\/v2\/product\/5180\/revisions\/6130"}],"wp:featuredmedia":[{"embeddable":true,"href":"https:\/\/moi-dom.md\/ro\/wp-json\/wp\/v2\/media\/6127"}],"wp:attachment":[{"href":"https:\/\/moi-dom.md\/ro\/wp-json\/wp\/v2\/media?parent=5180"}],"wp:term":[{"taxonomy":"product_brand","embeddable":true,"href":"https:\/\/moi-dom.md\/ro\/wp-json\/wp\/v2\/product_brand?post=5180"},{"taxonomy":"product_cat","embeddable":true,"href":"https:\/\/moi-dom.md\/ro\/wp-json\/wp\/v2\/product_cat?post=5180"},{"taxonomy":"product_tag","embeddable":true,"href":"https:\/\/moi-dom.md\/ro\/wp-json\/wp\/v2\/product_tag?post=5180"}],"curies":[{"name":"wp","href":"https:\/\/api.w.org\/{rel}","templated":true}]}}