{"id":5179,"date":"2025-11-18T15:48:11","date_gmt":"2025-11-18T15:48:11","guid":{"rendered":"https:\/\/moi-dom.md\/product\/cos\/"},"modified":"2025-11-22T11:40:55","modified_gmt":"2025-11-22T11:40:55","slug":"cos-11","status":"publish","type":"product","link":"https:\/\/moi-dom.md\/ro\/produs\/cos-11\/","title":{"rendered":"Co\u0219"},"content":{"rendered":"<p>Co\u0219ul din plastic este un recipient compact \u0219i la \u00eendem\u00e2n\u0103 pentru depozitarea ordonat\u0103 a obiectelor mici. Este ideal pentru organizarea cosmeticelor, accesoriilor, papet\u0103riei, articolelor de uz casnic \u0219i a altor articole mici \u00eentr-un dulap, raft, sertar sau baie.<br \/>\nFabricat din plastic durabil \u0219i u\u0219or, rezistent la umiditate \u0219i u\u0219or de cur\u0103\u021bat. Designul laconic \u00een relief confer\u0103 co\u0219ului un aspect \u00eengrijit \u0219i modern, permi\u021b\u00e2ndu-i s\u0103 fie folosit \u00een orice interior. <\/p>\n","protected":false},"excerpt":{"rendered":"<p>Co\u0219ul din plastic f\u0103r\u0103 capac este un recipient u\u0219or \u0219i durabil pentru depozitarea cosmeticelor \u0219i a obiectelor mici. Designul s\u0103u elegant \u00eel face ideal pentru a v\u0103 men\u021bine casa ordonat\u0103. <\/p>\n","protected":false},"featured_media":5551,"template":"","meta":[],"product_brand":[],"product_cat":[199],"product_tag":[],"class_list":{"0":"post-5179","1":"product","2":"type-product","3":"status-publish","4":"has-post-thumbnail","6":"product_cat-depozitarea-si-organizarea-spatiului","7":"pa_color-beige","8":"pa_color-brown","9":"pa_color-soft-powder-pink","11":"first","12":"instock","13":"shipping-taxable","14":"purchasable","15":"product-type-variable"},"_links":{"self":[{"href":"https:\/\/moi-dom.md\/ro\/wp-json\/wp\/v2\/product\/5179","targetHints":{"allow":["GET"]}}],"collection":[{"href":"https:\/\/moi-dom.md\/ro\/wp-json\/wp\/v2\/product"}],"about":[{"href":"https:\/\/moi-dom.md\/ro\/wp-json\/wp\/v2\/types\/product"}],"version-history":[{"count":1,"href":"https:\/\/moi-dom.md\/ro\/wp-json\/wp\/v2\/product\/5179\/revisions"}],"predecessor-version":[{"id":5553,"href":"https:\/\/moi-dom.md\/ro\/wp-json\/wp\/v2\/product\/5179\/revisions\/5553"}],"wp:featuredmedia":[{"embeddable":true,"href":"https:\/\/moi-dom.md\/ro\/wp-json\/wp\/v2\/media\/5551"}],"wp:attachment":[{"href":"https:\/\/moi-dom.md\/ro\/wp-json\/wp\/v2\/media?parent=5179"}],"wp:term":[{"taxonomy":"product_brand","embeddable":true,"href":"https:\/\/moi-dom.md\/ro\/wp-json\/wp\/v2\/product_brand?post=5179"},{"taxonomy":"product_cat","embeddable":true,"href":"https:\/\/moi-dom.md\/ro\/wp-json\/wp\/v2\/product_cat?post=5179"},{"taxonomy":"product_tag","embeddable":true,"href":"https:\/\/moi-dom.md\/ro\/wp-json\/wp\/v2\/product_tag?post=5179"}],"curies":[{"name":"wp","href":"https:\/\/api.w.org\/{rel}","templated":true}]}}