{"id":5062,"date":"2025-10-30T11:29:02","date_gmt":"2025-10-30T11:29:02","guid":{"rendered":"https:\/\/moi-dom.md\/product\/litiera-inchisa\/"},"modified":"2026-02-03T13:43:21","modified_gmt":"2026-02-03T10:43:21","slug":"litiera-inchisa","status":"publish","type":"product","link":"https:\/\/moi-dom.md\/ro\/produs\/litiera-inchisa\/","title":{"rendered":"Litier\u0103 \u00eenchis\u0103"},"content":{"rendered":"<p>Litiera pentru pisici \u00eenchis\u0103 este o cutie de gunoi convenabil\u0103 \u0219i igienic\u0103, cu capac care \u00eempiedic\u0103 r\u0103sp\u00e2ndirea mirosurilor \u0219i \u00eempr\u0103\u0219tierea litierei. Ofer\u0103 confort \u0219i intimitate pentru animalul de companie, u\u0219or de demontat \u0219i cur\u0103\u021bat. <\/p>\n","protected":false},"excerpt":{"rendered":"<p>Litiera \u00eenchis\u0103 pentru pisici \u2014 o solu\u021bie comod\u0103 \u0219i igienic\u0103, care previne r\u0103sp\u00e2ndirea mirosurilor \u0219i a de\u0219eurilor.<\/p>\n","protected":false},"featured_media":4479,"template":"","meta":[],"product_brand":[],"product_cat":[27],"product_tag":[],"class_list":{"0":"post-5062","1":"product","2":"type-product","3":"status-publish","4":"has-post-thumbnail","6":"product_cat-tovary-dlea-jivotnih","7":"pa_color-bordo","8":"pa_color-grey","9":"pa_color-pastel-turquoise","10":"pa_color-powder-pink","11":"pa_color-violet","12":"pa_manufacturer-senyayla-plastik","13":"pa_material-pp-","14":"pa_size-37x40x40-","16":"first","17":"instock","18":"shipping-taxable","19":"purchasable","20":"product-type-variable"},"_links":{"self":[{"href":"https:\/\/moi-dom.md\/ro\/wp-json\/wp\/v2\/product\/5062","targetHints":{"allow":["GET"]}}],"collection":[{"href":"https:\/\/moi-dom.md\/ro\/wp-json\/wp\/v2\/product"}],"about":[{"href":"https:\/\/moi-dom.md\/ro\/wp-json\/wp\/v2\/types\/product"}],"version-history":[{"count":1,"href":"https:\/\/moi-dom.md\/ro\/wp-json\/wp\/v2\/product\/5062\/revisions"}],"predecessor-version":[{"id":8867,"href":"https:\/\/moi-dom.md\/ro\/wp-json\/wp\/v2\/product\/5062\/revisions\/8867"}],"wp:featuredmedia":[{"embeddable":true,"href":"https:\/\/moi-dom.md\/ro\/wp-json\/wp\/v2\/media\/4479"}],"wp:attachment":[{"href":"https:\/\/moi-dom.md\/ro\/wp-json\/wp\/v2\/media?parent=5062"}],"wp:term":[{"taxonomy":"product_brand","embeddable":true,"href":"https:\/\/moi-dom.md\/ro\/wp-json\/wp\/v2\/product_brand?post=5062"},{"taxonomy":"product_cat","embeddable":true,"href":"https:\/\/moi-dom.md\/ro\/wp-json\/wp\/v2\/product_cat?post=5062"},{"taxonomy":"product_tag","embeddable":true,"href":"https:\/\/moi-dom.md\/ro\/wp-json\/wp\/v2\/product_tag?post=5062"}],"curies":[{"name":"wp","href":"https:\/\/api.w.org\/{rel}","templated":true}]}}