{"id":5057,"date":"2025-10-30T11:29:03","date_gmt":"2025-10-30T11:29:03","guid":{"rendered":"https:\/\/moi-dom.md\/product\/litiera-pentru-pisici-3\/"},"modified":"2026-02-02T17:09:44","modified_gmt":"2026-02-02T14:09:44","slug":"litiera-pentru-pisici-3","status":"publish","type":"product","link":"https:\/\/moi-dom.md\/ro\/produs\/litiera-pentru-pisici-3\/","title":{"rendered":"Litier\u0103 pentru pisici"},"content":{"rendered":"<p>Tava practic\u0103 pentru pisici, cu grilaj \u0219i fund dublu, asigur\u0103 cur\u0103\u021benie \u0219i confort. Umplutura se cerne \u00een jos, iar de\u0219eurile r\u0103m\u00e2n pe grilaj \u2014 pot fi \u00eendep\u0103rtate u\u0219or, f\u0103r\u0103 lop\u0103\u021bic\u0103.  Fabricat\u0103 din plastic rezistent \u0219i sigur, se cur\u0103\u021b\u0103 u\u0219or \u0219i nu absoarbe mirosurile. Potrivit\u0103 pentru pisici \u0219i c\u00e2ini de talie mic\u0103.<\/p>\n","protected":false},"excerpt":{"rendered":"<p>Litier\u0103 cu grilaj \u0219i fund dublu \u2014 solu\u021bie practic\u0103 \u0219i igienic\u0103 pentru animalele.<\/p>\n","protected":false},"featured_media":5059,"template":"","meta":[],"product_brand":[],"product_cat":[125],"product_tag":[],"class_list":{"0":"post-5057","1":"product","2":"type-product","3":"status-publish","4":"has-post-thumbnail","6":"product_cat-produse-pentru-animale","7":"pa_manufacturer-turcia","8":"pa_material-pp-polipropilena","9":"pa_size-42x615x24-cm","11":"first","12":"instock","13":"shipping-taxable","14":"purchasable","15":"product-type-simple"},"_links":{"self":[{"href":"https:\/\/moi-dom.md\/ro\/wp-json\/wp\/v2\/product\/5057","targetHints":{"allow":["GET"]}}],"collection":[{"href":"https:\/\/moi-dom.md\/ro\/wp-json\/wp\/v2\/product"}],"about":[{"href":"https:\/\/moi-dom.md\/ro\/wp-json\/wp\/v2\/types\/product"}],"version-history":[{"count":1,"href":"https:\/\/moi-dom.md\/ro\/wp-json\/wp\/v2\/product\/5057\/revisions"}],"predecessor-version":[{"id":8852,"href":"https:\/\/moi-dom.md\/ro\/wp-json\/wp\/v2\/product\/5057\/revisions\/8852"}],"wp:featuredmedia":[{"embeddable":true,"href":"https:\/\/moi-dom.md\/ro\/wp-json\/wp\/v2\/media\/5059"}],"wp:attachment":[{"href":"https:\/\/moi-dom.md\/ro\/wp-json\/wp\/v2\/media?parent=5057"}],"wp:term":[{"taxonomy":"product_brand","embeddable":true,"href":"https:\/\/moi-dom.md\/ro\/wp-json\/wp\/v2\/product_brand?post=5057"},{"taxonomy":"product_cat","embeddable":true,"href":"https:\/\/moi-dom.md\/ro\/wp-json\/wp\/v2\/product_cat?post=5057"},{"taxonomy":"product_tag","embeddable":true,"href":"https:\/\/moi-dom.md\/ro\/wp-json\/wp\/v2\/product_tag?post=5057"}],"curies":[{"name":"wp","href":"https:\/\/api.w.org\/{rel}","templated":true}]}}