{"id":5051,"date":"2025-10-30T11:29:03","date_gmt":"2025-10-30T11:29:03","guid":{"rendered":"https:\/\/moi-dom.md\/product\/litiera-pentru-pisici-2\/"},"modified":"2026-02-02T17:10:29","modified_gmt":"2026-02-02T14:10:29","slug":"litiera-pentru-pisici-2-2","status":"publish","type":"product","link":"https:\/\/moi-dom.md\/ro\/produs\/litiera-pentru-pisici-2-2\/","title":{"rendered":"Litier\u0103 pentru pisici"},"content":{"rendered":"<p>Litiera pentru pisici spa\u021bioas\u0103, cu umplutur\u0103 inferioar\u0103, ofer\u0103 confort \u0219i igien\u0103 pentru utilizarea zilnic\u0103. Cadrul este bine fixat cu \u00eenchiz\u0103toare din plastic, asigur\u00e2nd stabilitatea \u0219i \u00eempiedic\u00e2nd umplerea s\u0103 se verse. Fabricat\u0103 din plastic rezistent \u0219i sigur, se cur\u0103\u021b\u0103 u\u0219or \u0219i nu absoarbe mirosurile. Designul spa\u021bios \u00eel face ideal pentru pisicile mari.<\/p>\n","protected":false},"excerpt":{"rendered":"<p>Litier\u0103 pentru pisici robust\u0103 \u0219i confortabil\u0103, cu un cadru pentru a preveni v\u0103rsarea litierei. U\u0219or de cur\u0103\u021bat, stabil\u0103 \u0219i potrivit\u0103 pentru animalele de companie mari. <\/p>\n<p>&nbsp;<\/p>\n","protected":false},"featured_media":5052,"template":"","meta":[],"product_brand":[],"product_cat":[125],"product_tag":[],"class_list":{"0":"post-5051","1":"product","2":"type-product","3":"status-publish","4":"has-post-thumbnail","6":"product_cat-produse-pentru-animale","7":"pa_manufacturer-turcia","8":"pa_material-pp-polipropilena","9":"pa_size-42x615x23-","11":"first","12":"instock","13":"shipping-taxable","14":"purchasable","15":"product-type-simple"},"_links":{"self":[{"href":"https:\/\/moi-dom.md\/ro\/wp-json\/wp\/v2\/product\/5051","targetHints":{"allow":["GET"]}}],"collection":[{"href":"https:\/\/moi-dom.md\/ro\/wp-json\/wp\/v2\/product"}],"about":[{"href":"https:\/\/moi-dom.md\/ro\/wp-json\/wp\/v2\/types\/product"}],"version-history":[{"count":1,"href":"https:\/\/moi-dom.md\/ro\/wp-json\/wp\/v2\/product\/5051\/revisions"}],"predecessor-version":[{"id":8853,"href":"https:\/\/moi-dom.md\/ro\/wp-json\/wp\/v2\/product\/5051\/revisions\/8853"}],"wp:featuredmedia":[{"embeddable":true,"href":"https:\/\/moi-dom.md\/ro\/wp-json\/wp\/v2\/media\/5052"}],"wp:attachment":[{"href":"https:\/\/moi-dom.md\/ro\/wp-json\/wp\/v2\/media?parent=5051"}],"wp:term":[{"taxonomy":"product_brand","embeddable":true,"href":"https:\/\/moi-dom.md\/ro\/wp-json\/wp\/v2\/product_brand?post=5051"},{"taxonomy":"product_cat","embeddable":true,"href":"https:\/\/moi-dom.md\/ro\/wp-json\/wp\/v2\/product_cat?post=5051"},{"taxonomy":"product_tag","embeddable":true,"href":"https:\/\/moi-dom.md\/ro\/wp-json\/wp\/v2\/product_tag?post=5051"}],"curies":[{"name":"wp","href":"https:\/\/api.w.org\/{rel}","templated":true}]}}