{"id":5050,"date":"2025-10-30T11:29:02","date_gmt":"2025-10-30T11:29:02","guid":{"rendered":"https:\/\/moi-dom.md\/product\/litiera-pentru-pisici-2\/"},"modified":"2026-02-03T13:45:37","modified_gmt":"2026-02-03T10:45:37","slug":"litiera-pentru-pisici-2","status":"publish","type":"product","link":"https:\/\/moi-dom.md\/ro\/produs\/litiera-pentru-pisici-2\/","title":{"rendered":"Litier\u0103 pentru pisici"},"content":{"rendered":"<p class=\"p1\">Litier\u0103 practic\u0103 pentru pisici, pentru uz zilnic: re\u021bine umplutura, se cur\u0103\u021b\u0103 u\u0219or \u0219i este potrivit\u0103 pentru orice tip de umplutur\u0103. Stabil\u0103 \u0219i comod\u0103 pentru uz casnic. <\/p>\n","protected":false},"excerpt":{"rendered":"<p class=\"p1\">Litier\u0103 comod\u0103 pentru pisici: u\u0219or de cur\u0103\u021bat, potrivit\u0103 pentru orice tip de umplutur\u0103 \u0219i ajut\u0103 la men\u021binerea cur\u0103\u021beniei \u00een cas\u0103.<\/p>\n","protected":false},"featured_media":4490,"template":"","meta":[],"product_brand":[],"product_cat":[125],"product_tag":[],"class_list":{"0":"post-5050","1":"product","2":"type-product","3":"status-publish","4":"has-post-thumbnail","6":"product_cat-produse-pentru-animale","7":"pa_color-albastru","8":"pa_color-menta-verde","9":"pa_color-pastel-turquoise","10":"pa_color-powder-pink","11":"pa_color-violet","12":"pa_manufacturer-turcia","13":"pa_material-pp-polipropilena","14":"pa_size-49x375x15-cm","16":"first","17":"instock","18":"shipping-taxable","19":"purchasable","20":"product-type-variable"},"_links":{"self":[{"href":"https:\/\/moi-dom.md\/ro\/wp-json\/wp\/v2\/product\/5050","targetHints":{"allow":["GET"]}}],"collection":[{"href":"https:\/\/moi-dom.md\/ro\/wp-json\/wp\/v2\/product"}],"about":[{"href":"https:\/\/moi-dom.md\/ro\/wp-json\/wp\/v2\/types\/product"}],"version-history":[{"count":1,"href":"https:\/\/moi-dom.md\/ro\/wp-json\/wp\/v2\/product\/5050\/revisions"}],"predecessor-version":[{"id":8868,"href":"https:\/\/moi-dom.md\/ro\/wp-json\/wp\/v2\/product\/5050\/revisions\/8868"}],"wp:featuredmedia":[{"embeddable":true,"href":"https:\/\/moi-dom.md\/ro\/wp-json\/wp\/v2\/media\/4490"}],"wp:attachment":[{"href":"https:\/\/moi-dom.md\/ro\/wp-json\/wp\/v2\/media?parent=5050"}],"wp:term":[{"taxonomy":"product_brand","embeddable":true,"href":"https:\/\/moi-dom.md\/ro\/wp-json\/wp\/v2\/product_brand?post=5050"},{"taxonomy":"product_cat","embeddable":true,"href":"https:\/\/moi-dom.md\/ro\/wp-json\/wp\/v2\/product_cat?post=5050"},{"taxonomy":"product_tag","embeddable":true,"href":"https:\/\/moi-dom.md\/ro\/wp-json\/wp\/v2\/product_tag?post=5050"}],"curies":[{"name":"wp","href":"https:\/\/api.w.org\/{rel}","templated":true}]}}