{"id":5046,"date":"2025-10-30T11:29:03","date_gmt":"2025-10-30T11:29:03","guid":{"rendered":"https:\/\/moi-dom.md\/product\/litiera-pentru-pisici\/"},"modified":"2026-02-02T17:14:00","modified_gmt":"2026-02-02T14:14:00","slug":"litiera-pentru-pisici","status":"publish","type":"product","link":"https:\/\/moi-dom.md\/ro\/produs\/litiera-pentru-pisici\/","title":{"rendered":"Litier\u0103 pentru pisici"},"content":{"rendered":"<p>Liter\u0103 compact\u0103 cu plas\u0103 \u2013 o solu\u021bie practic\u0103 pentru animalele de Plasa asigur\u0103 o \u00eentre\u021binere u\u0219oar\u0103: lichidul curge \u00een jos, iar suprafa\u021ba r\u0103m\u00e2ne uscat\u0103 \u0219i curat\u0103. Litiera poate fi utilizat\u0103 cu sau f\u0103r\u0103 umplutur\u0103, potrivit\u0103 pentru pisici, c\u00e2ini mici, c\u0103\u021bei \u0219i alte animale de companie mici.<\/p>\n","protected":false},"excerpt":{"rendered":"<p>Liter\u0103 confortabil\u0103 din plastic cu plas\u0103 pentru animale. U\u0219or de cur\u0103\u021bat, potrivit pentru pisici \u0219i animale mici. <\/p>\n","protected":false},"featured_media":5047,"template":"","meta":[],"product_brand":[],"product_cat":[27],"product_tag":[],"class_list":{"0":"post-5046","1":"product","2":"type-product","3":"status-publish","4":"has-post-thumbnail","6":"product_cat-tovary-dlea-jivotnih","7":"pa_manufacturer-senyayla-plastik","8":"pa_material-pp-","9":"pa_size-35x25x85-","11":"first","12":"instock","13":"shipping-taxable","14":"purchasable","15":"product-type-simple"},"_links":{"self":[{"href":"https:\/\/moi-dom.md\/ro\/wp-json\/wp\/v2\/product\/5046","targetHints":{"allow":["GET"]}}],"collection":[{"href":"https:\/\/moi-dom.md\/ro\/wp-json\/wp\/v2\/product"}],"about":[{"href":"https:\/\/moi-dom.md\/ro\/wp-json\/wp\/v2\/types\/product"}],"version-history":[{"count":1,"href":"https:\/\/moi-dom.md\/ro\/wp-json\/wp\/v2\/product\/5046\/revisions"}],"predecessor-version":[{"id":8854,"href":"https:\/\/moi-dom.md\/ro\/wp-json\/wp\/v2\/product\/5046\/revisions\/8854"}],"wp:featuredmedia":[{"embeddable":true,"href":"https:\/\/moi-dom.md\/ro\/wp-json\/wp\/v2\/media\/5047"}],"wp:attachment":[{"href":"https:\/\/moi-dom.md\/ro\/wp-json\/wp\/v2\/media?parent=5046"}],"wp:term":[{"taxonomy":"product_brand","embeddable":true,"href":"https:\/\/moi-dom.md\/ro\/wp-json\/wp\/v2\/product_brand?post=5046"},{"taxonomy":"product_cat","embeddable":true,"href":"https:\/\/moi-dom.md\/ro\/wp-json\/wp\/v2\/product_cat?post=5046"},{"taxonomy":"product_tag","embeddable":true,"href":"https:\/\/moi-dom.md\/ro\/wp-json\/wp\/v2\/product_tag?post=5046"}],"curies":[{"name":"wp","href":"https:\/\/api.w.org\/{rel}","templated":true}]}}