{"id":5028,"date":"2025-10-30T11:29:03","date_gmt":"2025-10-30T11:29:03","guid":{"rendered":"https:\/\/moi-dom.md\/product\/transportor-pentru-animale\/"},"modified":"2026-02-03T13:38:00","modified_gmt":"2026-02-03T10:38:00","slug":"transportor-pentru-animale","status":"publish","type":"product","link":"https:\/\/moi-dom.md\/ro\/produs\/transportor-pentru-animale\/","title":{"rendered":"Transportor pentru animale"},"content":{"rendered":"<p class=\"p1\">Atunci c\u00e2nd trebuie s\u0103 transporta\u021bi animalul de companie la veterinar sau \u00eentr-o c\u0103l\u0103torie, cel mai important este siguran\u021ba \u0219i confortul. Transportorul este bine ventilat, se \u00eenchide sigur \u0219i se cur\u0103\u021b\u0103 u\u0219or dup\u0103 utilizare. M\u00e2nerul confortabil \u0219i sistemele de fixare asigur\u0103 un transport stabil \u0219i sigur.<br \/>Potrivit pentru pisici, pui de c\u00e2ine \u0219i c\u00e2ini de talie mic\u0103.   <\/p>\n","protected":false},"excerpt":{"rendered":"<p class=\"p1\">Transportor u\u0219or \u0219i rezistent, cu ventila\u021bie bun\u0103 \u2013 pentru deplas\u0103ri f\u0103r\u0103 stres.<\/p>\n","protected":false},"featured_media":5030,"template":"","meta":[],"product_brand":[],"product_cat":[125],"product_tag":[],"class_list":{"0":"post-5028","1":"product","2":"type-product","3":"status-publish","4":"has-post-thumbnail","6":"product_cat-produse-pentru-animale","7":"pa_manufacturer-turcia","8":"pa_material-pp-polipropilena","9":"pa_size-55x33x36-cm","11":"first","12":"instock","13":"shipping-taxable","14":"purchasable","15":"product-type-simple"},"_links":{"self":[{"href":"https:\/\/moi-dom.md\/ro\/wp-json\/wp\/v2\/product\/5028","targetHints":{"allow":["GET"]}}],"collection":[{"href":"https:\/\/moi-dom.md\/ro\/wp-json\/wp\/v2\/product"}],"about":[{"href":"https:\/\/moi-dom.md\/ro\/wp-json\/wp\/v2\/types\/product"}],"version-history":[{"count":1,"href":"https:\/\/moi-dom.md\/ro\/wp-json\/wp\/v2\/product\/5028\/revisions"}],"predecessor-version":[{"id":8861,"href":"https:\/\/moi-dom.md\/ro\/wp-json\/wp\/v2\/product\/5028\/revisions\/8861"}],"wp:featuredmedia":[{"embeddable":true,"href":"https:\/\/moi-dom.md\/ro\/wp-json\/wp\/v2\/media\/5030"}],"wp:attachment":[{"href":"https:\/\/moi-dom.md\/ro\/wp-json\/wp\/v2\/media?parent=5028"}],"wp:term":[{"taxonomy":"product_brand","embeddable":true,"href":"https:\/\/moi-dom.md\/ro\/wp-json\/wp\/v2\/product_brand?post=5028"},{"taxonomy":"product_cat","embeddable":true,"href":"https:\/\/moi-dom.md\/ro\/wp-json\/wp\/v2\/product_cat?post=5028"},{"taxonomy":"product_tag","embeddable":true,"href":"https:\/\/moi-dom.md\/ro\/wp-json\/wp\/v2\/product_tag?post=5028"}],"curies":[{"name":"wp","href":"https:\/\/api.w.org\/{rel}","templated":true}]}}