{"id":5018,"date":"2025-10-30T11:29:03","date_gmt":"2025-10-30T11:29:03","guid":{"rendered":"https:\/\/moi-dom.md\/product\/hau-hranitor-pentru-animale-3\/"},"modified":"2026-02-03T13:38:57","modified_gmt":"2026-02-03T10:38:57","slug":"hau-hranitor-pentru-animale-3","status":"publish","type":"product","link":"https:\/\/moi-dom.md\/ro\/produs\/hau-hranitor-pentru-animale-3\/","title":{"rendered":"H\u0103u \/ hr\u0103nitor pentru animale"},"content":{"rendered":"<p>Acest hr\u0103nitor la \u00eendem\u00e2n\u0103 pentru pisici \u0219i c\u00e2ini ofer\u0103 animalului dvs. de companie acces constant la ap\u0103 sau m\u00e2ncare. Rezervorul transparent v\u0103 permite s\u0103 monitoriza\u021bi nivelul con\u021binutului, iar sistemul de distribuire livreaz\u0103 ap\u0103 sau hran\u0103 uscat\u0103 \u00een func\u021bie de necesit\u0103\u021bi. \u041f\u043e\u0434\u0445\u043e\u0434\u0438\u0442 \u0434\u043b\u044f \u0438\u0441\u043f\u043e\u043b\u044c\u0437\u043e\u0432\u0430\u043d\u0438\u044f \u0434\u043e\u043c\u0430 \u0438 \u0432\u043e \u0432\u0440\u0435\u043c\u044f \u043f\u043e\u0435\u0437\u0434\u043e\u043a.<\/p>\n","protected":false},"excerpt":{"rendered":"<p>Hr\u0103nitoare pentru c\u00e2ini \u0219i pisici cu dozator \u0219i rezervor transparent pentru ap\u0103 sau m\u00e2ncare.<\/p>\n","protected":false},"featured_media":4530,"template":"","meta":[],"product_brand":[],"product_cat":[125],"product_tag":[],"class_list":{"0":"post-5018","1":"product","2":"type-product","3":"status-publish","4":"has-post-thumbnail","6":"product_cat-produse-pentru-animale","7":"pa_color-menta-verde","8":"pa_color-pastel-turquoise","9":"pa_color-powder-pink","10":"pa_color-violet","11":"pa_manufacturer-turcia","12":"pa_material-pp-polipropilena","13":"pa_size-335x23x265-cm","14":"pa_volume-3-l","16":"first","17":"instock","18":"shipping-taxable","19":"purchasable","20":"product-type-variable"},"_links":{"self":[{"href":"https:\/\/moi-dom.md\/ro\/wp-json\/wp\/v2\/product\/5018","targetHints":{"allow":["GET"]}}],"collection":[{"href":"https:\/\/moi-dom.md\/ro\/wp-json\/wp\/v2\/product"}],"about":[{"href":"https:\/\/moi-dom.md\/ro\/wp-json\/wp\/v2\/types\/product"}],"version-history":[{"count":1,"href":"https:\/\/moi-dom.md\/ro\/wp-json\/wp\/v2\/product\/5018\/revisions"}],"predecessor-version":[{"id":8862,"href":"https:\/\/moi-dom.md\/ro\/wp-json\/wp\/v2\/product\/5018\/revisions\/8862"}],"wp:featuredmedia":[{"embeddable":true,"href":"https:\/\/moi-dom.md\/ro\/wp-json\/wp\/v2\/media\/4530"}],"wp:attachment":[{"href":"https:\/\/moi-dom.md\/ro\/wp-json\/wp\/v2\/media?parent=5018"}],"wp:term":[{"taxonomy":"product_brand","embeddable":true,"href":"https:\/\/moi-dom.md\/ro\/wp-json\/wp\/v2\/product_brand?post=5018"},{"taxonomy":"product_cat","embeddable":true,"href":"https:\/\/moi-dom.md\/ro\/wp-json\/wp\/v2\/product_cat?post=5018"},{"taxonomy":"product_tag","embeddable":true,"href":"https:\/\/moi-dom.md\/ro\/wp-json\/wp\/v2\/product_tag?post=5018"}],"curies":[{"name":"wp","href":"https:\/\/api.w.org\/{rel}","templated":true}]}}