{"id":4992,"date":"2025-10-30T11:29:03","date_gmt":"2025-10-30T11:29:03","guid":{"rendered":"https:\/\/moi-dom.md\/product\/bol-pentru-animale-2\/"},"modified":"2026-02-02T17:06:24","modified_gmt":"2026-02-02T14:06:24","slug":"bol-pentru-animale-2","status":"publish","type":"product","link":"https:\/\/moi-dom.md\/ro\/produs\/bol-pentru-animale-2\/","title":{"rendered":"Bol pentru animale"},"content":{"rendered":"<p>Bolul labirint este conceput pentru a m\u00e2nca \u00eencet, ceea ce ajut\u0103 la prevenirea supraaliment\u0103rii \u0219i \u00eembun\u0103t\u0103\u021be\u0219te digestia animalului dvs. de companie. Forma interioar\u0103 special\u0103 face ca animalul de companie s\u0103 m\u0103n\u00e2nce mai \u00eencet, transform\u00e2nd procesul de hr\u0103nire \u00eentr-un joc. <\/p>\n","protected":false},"excerpt":{"rendered":"<p>\u041c\u0438\u0441\u043a\u0430 \u0441 \u043b\u0430\u0431\u0438\u0440\u0438\u043d\u0442\u043e\u043c \u043f\u043e\u043c\u043e\u0433\u0430\u0435\u0442 \u043a\u043e\u043d\u0442\u0440\u043e\u043b\u0438\u0440\u043e\u0432\u0430\u0442\u044c \u0430\u043f\u043f\u0435\u0442\u0438\u0442 \u0438 \u0443\u043b\u0443\u0447\u0448\u0430\u0435\u0442 \u043f\u0438\u0449\u0435\u0432\u0430\u0440\u0435\u043d\u0438\u0435 \u043f\u0438\u0442\u043e\u043c\u0446\u0430.<\/p>\n","protected":false},"featured_media":4993,"template":"","meta":[],"product_brand":[],"product_cat":[27],"product_tag":[],"class_list":{"0":"post-4992","1":"product","2":"type-product","3":"status-publish","4":"has-post-thumbnail","6":"product_cat-tovary-dlea-jivotnih","7":"pa_color-mint-green","8":"pa_color-pastel-turquoise","9":"pa_color-powder-pink","10":"pa_color-violet","11":"pa_manufacturer-senyayla-plastik","12":"pa_material-pp-","13":"pa_size-o14x35-","15":"first","16":"instock","17":"shipping-taxable","18":"purchasable","19":"product-type-variable"},"_links":{"self":[{"href":"https:\/\/moi-dom.md\/ro\/wp-json\/wp\/v2\/product\/4992","targetHints":{"allow":["GET"]}}],"collection":[{"href":"https:\/\/moi-dom.md\/ro\/wp-json\/wp\/v2\/product"}],"about":[{"href":"https:\/\/moi-dom.md\/ro\/wp-json\/wp\/v2\/types\/product"}],"version-history":[{"count":1,"href":"https:\/\/moi-dom.md\/ro\/wp-json\/wp\/v2\/product\/4992\/revisions"}],"predecessor-version":[{"id":8851,"href":"https:\/\/moi-dom.md\/ro\/wp-json\/wp\/v2\/product\/4992\/revisions\/8851"}],"wp:featuredmedia":[{"embeddable":true,"href":"https:\/\/moi-dom.md\/ro\/wp-json\/wp\/v2\/media\/4993"}],"wp:attachment":[{"href":"https:\/\/moi-dom.md\/ro\/wp-json\/wp\/v2\/media?parent=4992"}],"wp:term":[{"taxonomy":"product_brand","embeddable":true,"href":"https:\/\/moi-dom.md\/ro\/wp-json\/wp\/v2\/product_brand?post=4992"},{"taxonomy":"product_cat","embeddable":true,"href":"https:\/\/moi-dom.md\/ro\/wp-json\/wp\/v2\/product_cat?post=4992"},{"taxonomy":"product_tag","embeddable":true,"href":"https:\/\/moi-dom.md\/ro\/wp-json\/wp\/v2\/product_tag?post=4992"}],"curies":[{"name":"wp","href":"https:\/\/api.w.org\/{rel}","templated":true}]}}