{"id":4967,"date":"2025-10-30T11:29:04","date_gmt":"2025-10-30T11:29:04","guid":{"rendered":"https:\/\/moi-dom.md\/product\/paleta-pentru-hrana\/"},"modified":"2026-02-02T17:02:42","modified_gmt":"2026-02-02T14:02:42","slug":"paleta-pentru-hrana","status":"publish","type":"product","link":"https:\/\/moi-dom.md\/ro\/produs\/paleta-pentru-hrana\/","title":{"rendered":"Palet\u0103 pentru hran\u0103"},"content":{"rendered":"<p>Paleta este conceput\u0103 pentru dozarea comod\u0103 a hranei uscate pentru animalele de companie. Forma ergonomic\u0103 permite preluarea \u0219i transferul u\u0219or al hranei, f\u0103r\u0103 a o \u00eempr\u0103\u0219tia. Fabricat\u0103 din plastic durabil \u0219i sigur, nu absoarbe mirosurile \u0219i se cur\u0103\u021b\u0103 u\u0219or. Potrivit\u0103 pentru utilizare zilnic\u0103 \u0219i depozitare \u00eempreun\u0103 cu hrana.   <\/p>\n","protected":false},"excerpt":{"rendered":"<p>Paleta practic\u0103 pentru dozarea \u0219i distribuirea convenabil\u0103 a hranei pentru animale de companie.<\/p>\n","protected":false},"featured_media":4968,"template":"","meta":[],"product_brand":[],"product_cat":[27],"product_tag":[],"class_list":{"0":"post-4967","1":"product","2":"type-product","3":"status-publish","4":"has-post-thumbnail","6":"product_cat-tovary-dlea-jivotnih","7":"pa_manufacturer-senyayla-plastik","8":"pa_material-pp-","9":"pa_size-8x24x65-","11":"first","12":"instock","13":"shipping-taxable","14":"purchasable","15":"product-type-simple"},"_links":{"self":[{"href":"https:\/\/moi-dom.md\/ro\/wp-json\/wp\/v2\/product\/4967","targetHints":{"allow":["GET"]}}],"collection":[{"href":"https:\/\/moi-dom.md\/ro\/wp-json\/wp\/v2\/product"}],"about":[{"href":"https:\/\/moi-dom.md\/ro\/wp-json\/wp\/v2\/types\/product"}],"version-history":[{"count":1,"href":"https:\/\/moi-dom.md\/ro\/wp-json\/wp\/v2\/product\/4967\/revisions"}],"predecessor-version":[{"id":8848,"href":"https:\/\/moi-dom.md\/ro\/wp-json\/wp\/v2\/product\/4967\/revisions\/8848"}],"wp:featuredmedia":[{"embeddable":true,"href":"https:\/\/moi-dom.md\/ro\/wp-json\/wp\/v2\/media\/4968"}],"wp:attachment":[{"href":"https:\/\/moi-dom.md\/ro\/wp-json\/wp\/v2\/media?parent=4967"}],"wp:term":[{"taxonomy":"product_brand","embeddable":true,"href":"https:\/\/moi-dom.md\/ro\/wp-json\/wp\/v2\/product_brand?post=4967"},{"taxonomy":"product_cat","embeddable":true,"href":"https:\/\/moi-dom.md\/ro\/wp-json\/wp\/v2\/product_cat?post=4967"},{"taxonomy":"product_tag","embeddable":true,"href":"https:\/\/moi-dom.md\/ro\/wp-json\/wp\/v2\/product_tag?post=4967"}],"curies":[{"name":"wp","href":"https:\/\/api.w.org\/{rel}","templated":true}]}}