{"id":4964,"date":"2025-10-30T11:29:03","date_gmt":"2025-10-30T11:29:03","guid":{"rendered":"https:\/\/moi-dom.md\/product\/bol-pentru-animale\/"},"modified":"2026-02-02T17:09:45","modified_gmt":"2026-02-02T14:09:45","slug":"bol-pentru-animale-4","status":"publish","type":"product","link":"https:\/\/moi-dom.md\/ro\/produs\/bol-pentru-animale-4\/","title":{"rendered":"Bol pentru animale"},"content":{"rendered":"<p>Bol universal din plastic pentru pisici \u0219i c\u00e2ini, potrivit at\u00e2t pentru m\u00e2ncare, c\u00e2t \u0219i pentru ap\u0103. Fabricat din material durabil, sigur pentru animale, u\u0219or de cur\u0103\u021bat \u0219i nu absoarbe mirosurile.<br \/>\nForma stabil\u0103 previne r\u0103sturnarea \u00een timpul utiliz\u0103rii. Potrivit pentru utilizarea zilnic\u0103 acas\u0103 sau \u00een aer liber. <\/p>\n","protected":false},"excerpt":{"rendered":"<p>Bol din plastic robust pentru pisici \u0219i c\u00e2ini &#8211; potrivit pentru m\u00e2ncare \u0219i ap\u0103, stabil \u0219i u\u0219or de cur\u0103\u021bat.<\/p>\n","protected":false},"featured_media":4983,"template":"","meta":[],"product_brand":[],"product_cat":[125],"product_tag":[],"class_list":{"0":"post-4964","1":"product","2":"type-product","3":"status-publish","4":"has-post-thumbnail","6":"product_cat-produse-pentru-animale","7":"pa_color-menta-verde","8":"pa_color-pastel-turquoise","9":"pa_color-powder-pink","10":"pa_color-violet","11":"pa_manufacturer-turcia","12":"pa_material-pp-polipropilena","13":"pa_size-o215x65-cm","15":"first","16":"instock","17":"shipping-taxable","18":"purchasable","19":"product-type-variable"},"_links":{"self":[{"href":"https:\/\/moi-dom.md\/ro\/wp-json\/wp\/v2\/product\/4964","targetHints":{"allow":["GET"]}}],"collection":[{"href":"https:\/\/moi-dom.md\/ro\/wp-json\/wp\/v2\/product"}],"about":[{"href":"https:\/\/moi-dom.md\/ro\/wp-json\/wp\/v2\/types\/product"}],"version-history":[{"count":1,"href":"https:\/\/moi-dom.md\/ro\/wp-json\/wp\/v2\/product\/4964\/revisions"}],"predecessor-version":[{"id":8840,"href":"https:\/\/moi-dom.md\/ro\/wp-json\/wp\/v2\/product\/4964\/revisions\/8840"}],"wp:featuredmedia":[{"embeddable":true,"href":"https:\/\/moi-dom.md\/ro\/wp-json\/wp\/v2\/media\/4983"}],"wp:attachment":[{"href":"https:\/\/moi-dom.md\/ro\/wp-json\/wp\/v2\/media?parent=4964"}],"wp:term":[{"taxonomy":"product_brand","embeddable":true,"href":"https:\/\/moi-dom.md\/ro\/wp-json\/wp\/v2\/product_brand?post=4964"},{"taxonomy":"product_cat","embeddable":true,"href":"https:\/\/moi-dom.md\/ro\/wp-json\/wp\/v2\/product_cat?post=4964"},{"taxonomy":"product_tag","embeddable":true,"href":"https:\/\/moi-dom.md\/ro\/wp-json\/wp\/v2\/product_tag?post=4964"}],"curies":[{"name":"wp","href":"https:\/\/api.w.org\/{rel}","templated":true}]}}