{"id":4962,"date":"2025-10-30T11:29:04","date_gmt":"2025-10-30T11:29:04","guid":{"rendered":"https:\/\/moi-dom.md\/product\/paleta-pentru-litiera\/"},"modified":"2026-02-02T17:03:57","modified_gmt":"2026-02-02T14:03:57","slug":"paleta-pentru-litiera","status":"publish","type":"product","link":"https:\/\/moi-dom.md\/ro\/produs\/paleta-pentru-litiera\/","title":{"rendered":"Palet\u0103 pentru litier\u0103"},"content":{"rendered":"<p>Palet\u0103 pentru litier\u0103 pentru pisici este conceput\u0103 pentru cur\u0103\u021barea convenabil\u0103 a litierei. Datorit\u0103 dimensiunii optime a fantelor, permite cernerea u\u0219oar\u0103 a litierei \u0219i \u00eendep\u0103rtarea doar a aglomer\u0103rilor murdare, economisind consumul. Fabricat din plastic durabil, rezistent la umiditate \u0219i u\u0219or de cur\u0103\u021bat. M\u00e2ner confortabil pentru o utilizare confortabil\u0103. Potrivit pentru toate tipurile de litier\u0103 \u0219i t\u0103vi.    <\/p>\n","protected":false},"excerpt":{"rendered":"<p>Palet\u0103 pentru litier\u0103 pentru pisici robust\u0103 \u0219i la \u00eendem\u00e2n\u0103, potrivit\u0103 pentru toate tipurile de litier\u0103 pentru pisici.<\/p>\n","protected":false},"featured_media":4963,"template":"","meta":[],"product_brand":[],"product_cat":[27],"product_tag":[],"class_list":{"0":"post-4962","1":"product","2":"type-product","3":"status-publish","4":"has-post-thumbnail","6":"product_cat-tovary-dlea-jivotnih","7":"pa_manufacturer-senyayla-plastik","8":"pa_material-394","9":"pa_size-11x255x55-","11":"first","12":"instock","13":"shipping-taxable","14":"purchasable","15":"product-type-simple"},"_links":{"self":[{"href":"https:\/\/moi-dom.md\/ro\/wp-json\/wp\/v2\/product\/4962","targetHints":{"allow":["GET"]}}],"collection":[{"href":"https:\/\/moi-dom.md\/ro\/wp-json\/wp\/v2\/product"}],"about":[{"href":"https:\/\/moi-dom.md\/ro\/wp-json\/wp\/v2\/types\/product"}],"version-history":[{"count":1,"href":"https:\/\/moi-dom.md\/ro\/wp-json\/wp\/v2\/product\/4962\/revisions"}],"predecessor-version":[{"id":8849,"href":"https:\/\/moi-dom.md\/ro\/wp-json\/wp\/v2\/product\/4962\/revisions\/8849"}],"wp:featuredmedia":[{"embeddable":true,"href":"https:\/\/moi-dom.md\/ro\/wp-json\/wp\/v2\/media\/4963"}],"wp:attachment":[{"href":"https:\/\/moi-dom.md\/ro\/wp-json\/wp\/v2\/media?parent=4962"}],"wp:term":[{"taxonomy":"product_brand","embeddable":true,"href":"https:\/\/moi-dom.md\/ro\/wp-json\/wp\/v2\/product_brand?post=4962"},{"taxonomy":"product_cat","embeddable":true,"href":"https:\/\/moi-dom.md\/ro\/wp-json\/wp\/v2\/product_cat?post=4962"},{"taxonomy":"product_tag","embeddable":true,"href":"https:\/\/moi-dom.md\/ro\/wp-json\/wp\/v2\/product_tag?post=4962"}],"curies":[{"name":"wp","href":"https:\/\/api.w.org\/{rel}","templated":true}]}}