{"id":4954,"date":"2025-10-30T15:22:42","date_gmt":"2025-10-30T15:22:42","guid":{"rendered":"https:\/\/moi-dom.md\/product\/olita-pentru-copii-8\/"},"modified":"2026-02-02T14:28:28","modified_gmt":"2026-02-02T11:28:28","slug":"olita-pentru-copii-8","status":"publish","type":"product","link":"https:\/\/moi-dom.md\/ro\/produs\/olita-pentru-copii-8\/","title":{"rendered":"Olita pentru copii"},"content":{"rendered":"<p>Oli\u021ba muzical\u0103 pentru copii este o solu\u021bie practic\u0103 \u0219i distractiv\u0103 pentru acomodarea u\u0219oar\u0103 cu toaleta. Dup\u0103 utilizare, aceasta red\u0103 o melodie pl\u0103cut\u0103, care motiveaz\u0103 copilul \u0219i transform\u0103 procesul \u00eentr-un joc. Forma ergonomic\u0103 ofer\u0103 o pozi\u021bie confortabil\u0103, iar baza stabil\u0103 previne alunecarea. Este realizat\u0103 din plastic rezistent \u0219i sigur pentru copii, se cur\u0103\u021b\u0103 u\u0219or \u0219i nu absoarbe mirosurile.   <\/p>\n","protected":false},"excerpt":{"rendered":"<p>Oli\u021b\u0103 muzical\u0103 cu o form\u0103 anatomic\u0103 confortabil\u0103 \u0219i o baz\u0103 stabil\u0103. Echipat cu o melodie \u00eencorporat\u0103 care se red\u0103 dup\u0103 utilizare, ajut\u00e2ndu-v\u0103 copilul s\u0103 se obi\u0219nuiasc\u0103 mai repede cu oli\u021ba. <\/p>\n","protected":false},"featured_media":4957,"template":"","meta":[],"product_brand":[],"product_cat":[97],"product_tag":[],"class_list":{"0":"post-4954","1":"product","2":"type-product","3":"status-publish","4":"has-post-thumbnail","6":"product_cat-tovary-dlea-malishei","7":"pa_manufacturer-senyayla-plastik","8":"pa_material-pp-","9":"pa_size-28x30x24-","11":"first","12":"instock","13":"shipping-taxable","14":"purchasable","15":"product-type-simple"},"_links":{"self":[{"href":"https:\/\/moi-dom.md\/ro\/wp-json\/wp\/v2\/product\/4954","targetHints":{"allow":["GET"]}}],"collection":[{"href":"https:\/\/moi-dom.md\/ro\/wp-json\/wp\/v2\/product"}],"about":[{"href":"https:\/\/moi-dom.md\/ro\/wp-json\/wp\/v2\/types\/product"}],"version-history":[{"count":1,"href":"https:\/\/moi-dom.md\/ro\/wp-json\/wp\/v2\/product\/4954\/revisions"}],"predecessor-version":[{"id":8804,"href":"https:\/\/moi-dom.md\/ro\/wp-json\/wp\/v2\/product\/4954\/revisions\/8804"}],"wp:featuredmedia":[{"embeddable":true,"href":"https:\/\/moi-dom.md\/ro\/wp-json\/wp\/v2\/media\/4957"}],"wp:attachment":[{"href":"https:\/\/moi-dom.md\/ro\/wp-json\/wp\/v2\/media?parent=4954"}],"wp:term":[{"taxonomy":"product_brand","embeddable":true,"href":"https:\/\/moi-dom.md\/ro\/wp-json\/wp\/v2\/product_brand?post=4954"},{"taxonomy":"product_cat","embeddable":true,"href":"https:\/\/moi-dom.md\/ro\/wp-json\/wp\/v2\/product_cat?post=4954"},{"taxonomy":"product_tag","embeddable":true,"href":"https:\/\/moi-dom.md\/ro\/wp-json\/wp\/v2\/product_tag?post=4954"}],"curies":[{"name":"wp","href":"https:\/\/api.w.org\/{rel}","templated":true}]}}