{"id":4951,"date":"2025-10-30T11:29:04","date_gmt":"2025-10-30T11:29:04","guid":{"rendered":"https:\/\/moi-dom.md\/product\/recipient-pentru-depozitarea-hranei\/"},"modified":"2026-02-02T17:05:14","modified_gmt":"2026-02-02T14:05:14","slug":"recipient-pentru-depozitarea-hranei","status":"publish","type":"product","link":"https:\/\/moi-dom.md\/ro\/produs\/recipient-pentru-depozitarea-hranei\/","title":{"rendered":"Recipient pentru depozitarea hranei"},"content":{"rendered":"<p>Recipientul este destinat depozit\u0103rii comode \u0219i igienice a hranei uscate pentru animale. Capac ermetic protejeaz\u0103 con\u021binutul de umezeal\u0103, praf \u0219i mirosuri, men\u021bin\u00e2nd prospe\u021bimea \u0219i aroma produsului. Fabricat din plastic rezistent \u0219i sigur pentru animale, se cur\u0103\u021b\u0103 u\u0219or \u0219i nu absoarbe mirosurile. Forma compact\u0103 permite amplasarea comod\u0103 at\u00e2t \u00een locuin\u021b\u0103, c\u00e2t \u0219i \u00een spa\u021biile de depozitare.   <\/p>\n","protected":false},"excerpt":{"rendered":"<p>Recipient pentru depozitarea hranei uscate \u00een mod convenabil \u0219i sigur, protejeaz\u0103 \u00eempotriva umidit\u0103\u021bii \u0219i p\u0103streaz\u0103 produsul proasp\u0103t.<\/p>\n","protected":false},"featured_media":4953,"template":"","meta":[],"product_brand":[],"product_cat":[125],"product_tag":[],"class_list":{"0":"post-4951","1":"product","2":"type-product","3":"status-publish","4":"has-post-thumbnail","6":"product_cat-produse-pentru-animale","7":"pa_manufacturer-turcia","8":"pa_material-pp-polipropilena","9":"pa_size-27x115x30-cm","10":"pa_volume-58-l","12":"first","13":"instock","14":"shipping-taxable","15":"purchasable","16":"product-type-simple"},"_links":{"self":[{"href":"https:\/\/moi-dom.md\/ro\/wp-json\/wp\/v2\/product\/4951","targetHints":{"allow":["GET"]}}],"collection":[{"href":"https:\/\/moi-dom.md\/ro\/wp-json\/wp\/v2\/product"}],"about":[{"href":"https:\/\/moi-dom.md\/ro\/wp-json\/wp\/v2\/types\/product"}],"version-history":[{"count":1,"href":"https:\/\/moi-dom.md\/ro\/wp-json\/wp\/v2\/product\/4951\/revisions"}],"predecessor-version":[{"id":8850,"href":"https:\/\/moi-dom.md\/ro\/wp-json\/wp\/v2\/product\/4951\/revisions\/8850"}],"wp:featuredmedia":[{"embeddable":true,"href":"https:\/\/moi-dom.md\/ro\/wp-json\/wp\/v2\/media\/4953"}],"wp:attachment":[{"href":"https:\/\/moi-dom.md\/ro\/wp-json\/wp\/v2\/media?parent=4951"}],"wp:term":[{"taxonomy":"product_brand","embeddable":true,"href":"https:\/\/moi-dom.md\/ro\/wp-json\/wp\/v2\/product_brand?post=4951"},{"taxonomy":"product_cat","embeddable":true,"href":"https:\/\/moi-dom.md\/ro\/wp-json\/wp\/v2\/product_cat?post=4951"},{"taxonomy":"product_tag","embeddable":true,"href":"https:\/\/moi-dom.md\/ro\/wp-json\/wp\/v2\/product_tag?post=4951"}],"curies":[{"name":"wp","href":"https:\/\/api.w.org\/{rel}","templated":true}]}}