{"id":4946,"date":"2025-10-30T15:22:42","date_gmt":"2025-10-30T15:22:42","guid":{"rendered":"https:\/\/moi-dom.md\/product\/adaptor-pentru-toaleta-2\/"},"modified":"2026-02-02T14:43:54","modified_gmt":"2026-02-02T11:43:54","slug":"adaptor-pentru-toaleta-2","status":"publish","type":"product","link":"https:\/\/moi-dom.md\/ro\/produs\/adaptor-pentru-toaleta-2\/","title":{"rendered":"Adaptor pentru toalet\u0103"},"content":{"rendered":"<p>Adaptorul pentru toalet\u0103 pentru copii este conceput pentru a ajuta copilul s\u0103 fac\u0103 tranzi\u021bia c\u0103tre toaleta pentru adul\u021bi \u00eentr-un mod confortabil \u0219i sigur. Forma ergonomic\u0103 ofer\u0103 stabilitate \u0219i \u00eencredere \u00een utilizare. Se instaleaz\u0103 u\u0219or \u0219i este potrivit pentru utilizarea zilnic\u0103.  <\/p>\n","protected":false},"excerpt":{"rendered":"<p>Adaptor practic pentru toalet\u0103, creat pentru o tranzi\u021bie sigur\u0103 \u0219i confortabil\u0103 a copilului c\u0103tre toaleta pentru adul\u021bi.<\/p>\n","protected":false},"featured_media":4451,"template":"","meta":[],"product_brand":[],"product_cat":[127],"product_tag":[],"class_list":{"0":"post-4946","1":"product","2":"type-product","3":"status-publish","4":"has-post-thumbnail","6":"product_cat-produse-pentru-bebelusi","7":"pa_manufacturer-turcia","8":"pa_material-pp-polipropilena","9":"pa_size-30x40x165-cm","11":"first","12":"instock","13":"shipping-taxable","14":"purchasable","15":"product-type-simple"},"_links":{"self":[{"href":"https:\/\/moi-dom.md\/ro\/wp-json\/wp\/v2\/product\/4946","targetHints":{"allow":["GET"]}}],"collection":[{"href":"https:\/\/moi-dom.md\/ro\/wp-json\/wp\/v2\/product"}],"about":[{"href":"https:\/\/moi-dom.md\/ro\/wp-json\/wp\/v2\/types\/product"}],"version-history":[{"count":1,"href":"https:\/\/moi-dom.md\/ro\/wp-json\/wp\/v2\/product\/4946\/revisions"}],"predecessor-version":[{"id":8818,"href":"https:\/\/moi-dom.md\/ro\/wp-json\/wp\/v2\/product\/4946\/revisions\/8818"}],"wp:featuredmedia":[{"embeddable":true,"href":"https:\/\/moi-dom.md\/ro\/wp-json\/wp\/v2\/media\/4451"}],"wp:attachment":[{"href":"https:\/\/moi-dom.md\/ro\/wp-json\/wp\/v2\/media?parent=4946"}],"wp:term":[{"taxonomy":"product_brand","embeddable":true,"href":"https:\/\/moi-dom.md\/ro\/wp-json\/wp\/v2\/product_brand?post=4946"},{"taxonomy":"product_cat","embeddable":true,"href":"https:\/\/moi-dom.md\/ro\/wp-json\/wp\/v2\/product_cat?post=4946"},{"taxonomy":"product_tag","embeddable":true,"href":"https:\/\/moi-dom.md\/ro\/wp-json\/wp\/v2\/product_tag?post=4946"}],"curies":[{"name":"wp","href":"https:\/\/api.w.org\/{rel}","templated":true}]}}